{"id":24296,"date":"2025-07-22T17:26:12","date_gmt":"2025-11-20T11:06:21","guid":{"rendered":"https:\/\/www.espiroflex.com\/espiropreno\/"},"modified":"2025-11-25T14:18:40","modified_gmt":"2025-11-25T13:18:40","slug":"espiropreno","status":"publish","type":"product","link":"https:\/\/www.espiroflex.com\/cs\/produkt\/espiropreno\/","title":{"rendered":"ESPIROPRENO"},"content":{"rendered":"<p>Trubka vyroben\u00e1 z termoplastick\u00e9ho kau\u010duku, vyztu\u017een\u00e1 zinkovanou ocelovou spir\u00e1lou, speci\u00e1ln\u011b pro s\u00e1n\u00ed plyn\u016f a kou\u0159e p\u0159i vysok\u00fdch teplot\u00e1ch. Velmi flexibiln\u00ed a lehk\u00e1, s vysokou pru\u017enost\u00ed d\u00edky vlastnostem TPV. Dobr\u00e1 chemick\u00e1 odolnost v souladu s tabulkou odolnost\u00ed TPV. Vynikaj\u00edc\u00ed odolnost v\u016f\u010di \u00fanav\u011b, ozonu a pr\u016fmyslov\u00e9mu kou\u0159i.<\/p>\n","protected":false},"excerpt":{"rendered":"<p>Trubka vyroben\u00e1 z termoplastick\u00e9ho kau\u010duku, vyztu\u017een\u00e1 zinkovanou ocelovou spir\u00e1lou, speci\u00e1ln\u011b pro s\u00e1n\u00ed plyn\u016f a kou\u0159e p\u0159i vysok\u00fdch teplot\u00e1ch. Velmi flexibiln\u00ed a lehk\u00e1, s vysokou pru\u017enost\u00ed d\u00edky vlastnostem TPV. Dobr\u00e1 chemick\u00e1 odolnost v souladu s tabulkou odolnost\u00ed TPV. Vynikaj\u00edc\u00ed odolnost v\u016f\u010di \u00fanav\u011b, ozonu a pr\u016fmyslov\u00e9mu kou\u0159i.<\/p>\n","protected":false},"featured_media":5757,"template":"","meta":[],"product_brand":[809],"product_cat":[3923,414,400,395,4920,419],"product_tag":[],"class_list":{"0":"post-24296","1":"product","2":"type-product","3":"status-publish","4":"has-post-thumbnail","6":"product_brand-extraflex-thermoflex-superflex","7":"product_cat-prumyslove","8":"product_cat-prumyslove-pouziti","9":"product_cat-pvc-aeracni-hadice","10":"product_cat-pvc-hadice","11":"product_cat-vzduch","12":"product_cat-zemedelstvi","13":"pa_aplicaciones-prumyslove","14":"pa_aplicaciones-aspirace","15":"pa_aplicaciones-vetrani","16":"pa_color-cerna","17":"pa_construccion-manguera-spiralovane-oceli","18":"pa_diametro-interno-mm-40-0-cs","19":"pa_diametro-interno-mm-45-0-cs","20":"pa_diametro-interno-mm-51-0-cs","21":"pa_diametro-interno-mm-60-0-cs","22":"pa_diametro-interno-mm-63-0-cs","23":"pa_diametro-interno-mm-70-0-cs","24":"pa_diametro-interno-mm-76-0-cs","25":"pa_diametro-interno-mm-80-0-cs","26":"pa_diametro-interno-mm-90-0-cs","27":"pa_diametro-interno-mm-102-0-cs","28":"pa_diametro-interno-mm-110-0-cs","29":"pa_diametro-interno-mm-120-0-cs","30":"pa_diametro-interno-mm-127-0-cs","31":"pa_diametro-interno-mm-130-0-cs","32":"pa_diametro-interno-mm-140-0-cs","33":"pa_diametro-interno-mm-152-0-cs","34":"pa_diametro-interno-mm-160-0-cs","35":"pa_diametro-interno-mm-180-0-cs","36":"pa_diametro-interno-mm-203-0-cs","37":"pa_diametro-interno-mm-254-0-cs","38":"pa_diametro-interno-mm-305-0-cs","39":"pa_diametro-interno-mm-356-0-cs","40":"pa_diametro-interno-mm-406-0-cs","41":"pa_diametro-interno-mm-456-0-cs","42":"pa_diametro-interno-mm-500-0-cs","43":"pa_diametro-interno-mm-600-0-cs","44":"pa_diametro-interno-pulg-1-3-4-cs","45":"pa_diametro-interno-pulg-1-5-8-cs","46":"pa_diametro-interno-pulg-10-cs","47":"pa_diametro-interno-pulg-2-cs","48":"pa_diametro-interno-pulg-2-1-2-cs","49":"pa_diametro-interno-pulg-2-3-4-cs","50":"pa_diametro-interno-pulg-3-cs","51":"pa_diametro-interno-pulg-3-1-2-cs","52":"pa_diametro-interno-pulg-3-1-8-cs","53":"pa_diametro-interno-pulg-4-cs","54":"pa_diametro-interno-pulg-4-5-16-cs","55":"pa_diametro-interno-pulg-5-cs","56":"pa_diametro-interno-pulg-6-cs","57":"pa_diametro-interno-pulg-8-cs","58":"pa_diametro-interno-pulg-12-cs","59":"pa_diametro-interno-pulg-14-cs","60":"pa_diametro-interno-pulg-16-cs","61":"pa_diametro-interno-pulg-18-cs","62":"pa_diametro-interno-pulg-2-1-4-cs","63":"pa_diametro-interno-pulg-20-cs","64":"pa_diametro-interno-pulg-24-cs","65":"pa_diametro-interno-pulg-4-3-4-cs","66":"pa_diametro-interno-pulg-5-1-2-cs","67":"pa_diametro-interno-pulg-5-1-4-cs","68":"pa_diametro-interno-pulg-6-1-4-cs","69":"pa_diametro-interno-pulg-7-cs","70":"pa_material-flexible-termoplasticky-kaucuk-tpv","71":"pa_material-manguera-tpv-cs","72":"pa_opacidad-nepruhledny","73":"pa_presion-rotura-bar-10-0-cs","74":"pa_refuerzo-pozinkovana-ocel","75":"pa_resistencia-r-10-ethylalkohol","76":"pa_resistencia-r-40-ethylalkohol","77":"pa_resistencia-r-acido-sulfurico-25-cs","78":"pa_resistencia-r-amylalkohol","79":"pa_resistencia-r-hipoclorito-de-sodio-14-cl2-cs","80":"pa_resistencia-r-cloruro-de-sodio-20-cs","81":"pa_resistencia-r-cloruro-de-calcio-20-cs","82":"pa_resistencia-r-cloruro-de-zinc-20-cs","83":"pa_resistencia-r-ethylalkohol-35","84":"pa_resistencia-r-glicol-de-etileno-cs","85":"pa_resistencia-r-glicerol-cs","86":"pa_resistencia-r-hidroxido-de-amonio-10-cs","87":"pa_resistencia-r-hidroxido-de-amonio-25-cs","88":"pa_resistencia-r-hidroxido-de-amonio-28-cs","89":"pa_resistencia-r-hidroxido-de-amonio-5-cs","90":"pa_resistencia-r-hidroxido-de-potasio-10-cs","91":"pa_resistencia-r-hidroxido-de-potasio-5-cs","92":"pa_resistencia-r-hidroxido-de-sodio-sosa-20-cs","93":"pa_resistencia-r-hidroxido-de-sodio-sosa-5-cs","94":"pa_resistencia-r-acido-clorhidrico-conc-cs","95":"pa_resistencia-r-detergentes-concentrados-cs","96":"pa_resistencia-r-acido-clorhidrico-10-cs","97":"pa_resistencia-r-acido-clorhidrico-20-cs","98":"pa_resistencia-r-acido-clorhidrico-5-cs","99":"pa_resistencia-r-acido-sulfurico-20-cs","100":"pa_resistencia-r-acido-sulfurico-5-cs","101":"pa_resistencia-r-acido-nitrico-10-cs","102":"pa_resistencia-r-acido-nitrico-20-cs","103":"pa_resistencia-r-acido-nitrico-5-cs","104":"pa_resistencia-r-acido-acetico-10-cs","105":"pa_resistencia-r-acido-acetico-3-cs","106":"pa_resistencia-r-acido-acetico-5-cs","107":"pa_resistencia-r-oxigeno-cs","108":"pa_resistencia-r-acido-butirico-20-cs","109":"pa_resistencia-r-methylalkohol-5","110":"pa_resistencia-r-methylalkohol-6","111":"pa_resistencia-r-morska-voda","112":"pa_resistencia-r-nitrogeno-cs","113":"pa_resistencia-r-voda","114":"pa_resistencia-r-vzduch","115":"pa_resistencia-r-1-propanol-cs","116":"pa_resistencia-r-14-dioxan","117":"pa_resistencia-r-2-ethylhexanol","118":"pa_resistencia-r-2-pilorridon","119":"pa_resistencia-r-24-pentandiol","120":"pa_resistencia-r-50-ethylalkohol","121":"pa_resistencia-r-96-ethylalkohol","122":"pa_resistencia-r-akrylonitryl","123":"pa_resistencia-r-allylalkohol-2-propenol-1","124":"pa_resistencia-r-anilina-cs","125":"pa_resistencia-r-butylacetat","126":"pa_resistencia-r-chlorovane-parafiny-c14-c17","127":"pa_resistencia-r-cyklohexanol","128":"pa_resistencia-r-dibutylether","129":"pa_resistencia-r-diethylenglykol","130":"pa_resistencia-r-dietyleter","131":"pa_resistencia-r-dimethylformaldehyd","132":"pa_resistencia-r-dimethylformamid","133":"pa_resistencia-r-dioctyladipat","134":"pa_resistencia-r-dipropylenglykol","135":"pa_resistencia-r-ethylakrylat","136":"pa_resistencia-r-fenol-cs","137":"pa_resistencia-r-formamid","138":"pa_resistencia-r-hydroxid-amonny-30","139":"pa_resistencia-r-kapalny-amoniak","140":"pa_resistencia-r-kaprolakton","141":"pa_resistencia-r-koncentrovana-kyselina-octova","142":"pa_resistencia-r-koncentrovany-hydroxid-amonny","143":"pa_resistencia-r-acido-sulfurico-50-cs","144":"pa_resistencia-r-acido-sulfurico-70-cs","145":"pa_resistencia-r-acido-sulfurico-80-cs","146":"pa_resistencia-r-acido-sulfurico-96-cs","147":"pa_resistencia-r-acido-sulfurico-98-cs","148":"pa_resistencia-r-kyselina-maselna-koncentrovana","149":"pa_resistencia-r-kyselina-mravenci-10","150":"pa_resistencia-r-kyselina-mravenci-20","151":"pa_resistencia-r-kyselina-mravenci-25","152":"pa_resistencia-r-kyselina-mravenci-85","153":"pa_resistencia-r-kyselina-mravenci-koncentrovana","154":"pa_resistencia-r-kyselina-octova-30","155":"pa_resistencia-r-kyselina-octova-50","156":"pa_resistencia-r-kyselina-octova-80","157":"pa_resistencia-r-maximalni-koncentrace-ethylalkoholu","158":"pa_resistencia-r-methylalkohol-50","159":"pa_resistencia-r-methylalkohol-max-koncentrace","160":"pa_resistencia-r-methylmetakrylat","161":"pa_resistencia-r-pyridin","162":"pa_resistencia-r-topny-olej","163":"pa_resistencia-r-trioctyl-trimelitat-totm","164":"pa_resistente-lr-1-nitropropan","165":"pa_resistente-lr-aceton","166":"pa_resistente-lr-acetonitril","167":"pa_resistente-lr-cloreto-de-acetilo","168":"pa_resistente-lr-diisopropyl-ether","169":"pa_resistente-lr-ethylacetat","170":"pa_resistente-lr-furano-cs","171":"pa_resistente-lr-kyselina-dusicna-30","172":"pa_resistente-lr-kyselina-dusicna-50","173":"pa_resistente-lr-methyl-ethylketon","174":"pa_resistente-lr-methyljodid","175":"pa_resistente-lr-mineralni-olej","176":"pa_resistente-lr-propylenoxid","177":"pa_resistente-lr-tetrahydrofuran","178":"pa_resistente-lr-uhlik-disulfid","179":"pa_resistente-lr-zivocisny-olej","180":"pa_resistente-nr-hidrocarburos-aromaticos-cs","181":"pa_resistente-nr-ciclohexano-cs","182":"pa_resistente-nr-acido-nitrico-70-cs","183":"pa_resistente-nr-acido-nitrico-95-cs","184":"pa_resistente-nr-acido-peracetico-cs","185":"pa_resistente-nr-ctyrchlorid-uhliku","186":"pa_resistente-nr-decalina-cs","187":"pa_resistente-nr-dibrommethan","188":"pa_resistente-nr-diisobutylen","189":"pa_resistente-nr-ethylchlorid","190":"pa_resistente-nr-freon-11-chladivo","191":"pa_resistente-nr-freon-12-chladivo","192":"pa_resistente-nr-freon-22-chladivo","193":"pa_resistente-nr-methylenchlorid","194":"pa_resistente-nr-naftalin","195":"pa_resistente-nr-olivovy-olej","196":"pa_resistente-nr-olivovy-olej-cs","197":"pa_resistente-nr-perchloroethylen","198":"pa_resistente-nr-proprionitril","199":"pa_resistente-nr-terpentyn","200":"pa_resistente-nr-transformatorovy-olej","201":"pa_resistente-nr-trichlorethylen","202":"pa_resistente-nr-trichlormethan","203":"pa_resistente-nr-xylen","204":"pa_superficie-exterior-drsny","205":"pa_superficie-interior-drsny","206":"pa_temperatura-maxima-oc-135c-cs","207":"pa_temperatura-minima-oc-40c-cs","208":"pa_vacio-m-h2o-0-2-cs","209":"pa_vacio-m-h2o-0-3-cs","210":"pa_vacio-m-h2o-0-4-cs","211":"pa_vacio-m-h2o-0-5-cs","212":"pa_vacio-m-h2o-0-7-cs","213":"pa_vacio-m-h2o-0-8-cs","214":"pa_vacio-m-h2o-1-0-cs","215":"pa_vacio-m-h2o-1-2-cs","216":"pa_vacio-m-h2o-1-3-cs","217":"pa_vacio-m-h2o-1-6-cs","218":"pa_vacio-m-h2o-1-7-cs","219":"pa_vacio-m-h2o-2-0-cs","221":"first","222":"instock","223":"shipping-taxable","224":"product-type-variable"},"_links":{"self":[{"href":"https:\/\/www.espiroflex.com\/cs\/wp-json\/wp\/v2\/product\/24296","targetHints":{"allow":["GET"]}}],"collection":[{"href":"https:\/\/www.espiroflex.com\/cs\/wp-json\/wp\/v2\/product"}],"about":[{"href":"https:\/\/www.espiroflex.com\/cs\/wp-json\/wp\/v2\/types\/product"}],"wp:featuredmedia":[{"embeddable":true,"href":"https:\/\/www.espiroflex.com\/cs\/wp-json\/wp\/v2\/media\/5757"}],"wp:attachment":[{"href":"https:\/\/www.espiroflex.com\/cs\/wp-json\/wp\/v2\/media?parent=24296"}],"wp:term":[{"taxonomy":"product_brand","embeddable":true,"href":"https:\/\/www.espiroflex.com\/cs\/wp-json\/wp\/v2\/product_brand?post=24296"},{"taxonomy":"product_cat","embeddable":true,"href":"https:\/\/www.espiroflex.com\/cs\/wp-json\/wp\/v2\/product_cat?post=24296"},{"taxonomy":"product_tag","embeddable":true,"href":"https:\/\/www.espiroflex.com\/cs\/wp-json\/wp\/v2\/product_tag?post=24296"}],"curies":[{"name":"wp","href":"https:\/\/api.w.org\/{rel}","templated":true}]}}