{"id":24270,"date":"2025-07-22T18:41:09","date_gmt":"2025-11-20T10:49:45","guid":{"rendered":"https:\/\/www.espiroflex.com\/espiroliquid-pu\/"},"modified":"2025-11-25T14:14:41","modified_gmt":"2025-11-25T13:14:41","slug":"espiroliquid-pu","status":"publish","type":"product","link":"https:\/\/www.espiroflex.com\/cs\/produkt\/espiroliquid-pu\/","title":{"rendered":"ESPIROLIQUID PU"},"content":{"rendered":"<p>Polyuretanov\u00e1 hadice se spir\u00e1lou z PVC pro s\u00e1n\u00ed a v\u00fdtlak kapalin s vysok\u00fdm obsahem abrazivn\u00edch \u010d\u00e1stic (\u0161rot, bl\u00e1to, p\u00edsek,\u2026). P\u011btkr\u00e1t odoln\u011bj\u0161\u00ed proti od\u011bru ne\u017e PVC. Pln\u00e1 flexibilita (polom\u011br ohybu = vnit\u0159n\u00ed pr\u016fm\u011br), co\u017e d\u00e1v\u00e1 t\u00e9to trubce velk\u00e9 mechanick\u00e9 mo\u017enosti. Velmi lehk\u00e1.<\/p>\n","protected":false},"excerpt":{"rendered":"<p>Polyuretanov\u00e1 hadice se spir\u00e1lou z PVC pro s\u00e1n\u00ed a v\u00fdtlak kapalin s vysok\u00fdm obsahem abrazivn\u00edch \u010d\u00e1stic (\u0161rot, bl\u00e1to, p\u00edsek,\u2026). P\u011btkr\u00e1t odoln\u011bj\u0161\u00ed proti od\u011bru ne\u017e PVC. Pln\u00e1 flexibilita (polom\u011br ohybu = vnit\u0159n\u00ed pr\u016fm\u011br), co\u017e d\u00e1v\u00e1 t\u00e9to trubce velk\u00e9 mechanick\u00e9 mo\u017enosti. Velmi lehk\u00e1.<\/p>\n","protected":false},"featured_media":6273,"template":"","meta":[],"product_brand":[982],"product_cat":[3923,401,414,419],"product_tag":[],"class_list":{"0":"post-24270","1":"product","2":"type-product","3":"status-publish","4":"has-post-thumbnail","6":"product_brand-transliquid","7":"product_cat-prumyslove","8":"product_cat-sani-kapalin","9":"product_cat-prumyslove-pouziti","10":"product_cat-zemedelstvi","11":"pa_aplicaciones-aspirace","12":"pa_aplicaciones-potravinarsky","13":"pa_color-cervena","14":"pa_construccion-manguera-spiralovity","15":"pa_diametro-interno-mm-30-0-cs","16":"pa_diametro-interno-mm-35-0-cs","17":"pa_diametro-interno-mm-40-0-cs","18":"pa_diametro-interno-mm-45-0-cs","19":"pa_diametro-interno-mm-51-0-cs","20":"pa_diametro-interno-mm-55-0-cs","21":"pa_diametro-interno-mm-60-0-cs","22":"pa_diametro-interno-mm-63-0-cs","23":"pa_diametro-interno-mm-70-0-cs","24":"pa_diametro-interno-mm-76-0-cs","25":"pa_diametro-interno-mm-80-0-cs","26":"pa_diametro-interno-mm-90-0-cs","27":"pa_diametro-interno-mm-102-0-cs","28":"pa_diametro-interno-mm-110-0-cs","29":"pa_diametro-interno-mm-127-0-cs","30":"pa_diametro-interno-mm-140-0-cs","31":"pa_diametro-interno-mm-152-0-cs","32":"pa_diametro-interno-pulg-1-3-4-cs","33":"pa_diametro-interno-pulg-1-5-8-cs","34":"pa_diametro-interno-pulg-2-cs","35":"pa_diametro-interno-pulg-2-1-2-cs","36":"pa_diametro-interno-pulg-2-1-32-cs","37":"pa_diametro-interno-pulg-2-3-4-cs","38":"pa_diametro-interno-pulg-3-cs","39":"pa_diametro-interno-pulg-3-1-2-cs","40":"pa_diametro-interno-pulg-3-1-8-cs","41":"pa_diametro-interno-pulg-4-cs","42":"pa_diametro-interno-pulg-4-5-16-cs","43":"pa_diametro-interno-pulg-5-cs","44":"pa_diametro-interno-pulg-6-cs","45":"pa_diametro-interno-pulg-1-1-8-cs","46":"pa_diametro-interno-pulg-1-3-8-cs","47":"pa_diametro-interno-pulg-2-1-8-cs","48":"pa_diametro-interno-pulg-5-1-2-cs","49":"pa_espesor-total-de-pared-mm-4-5-cs","50":"pa_espesor-total-de-pared-mm-5-0-cs","51":"pa_espesor-total-de-pared-mm-5-5-cs","52":"pa_espesor-total-de-pared-mm-6-0-cs","53":"pa_espesor-total-de-pared-mm-6-5-cs","54":"pa_espesor-total-de-pared-mm-8-0-cs","55":"pa_espesor-total-de-pared-mm-3-0-cs","56":"pa_espesor-total-de-pared-mm-4-0-cs","57":"pa_espesor-total-de-pared-mm-8-5-cs","58":"pa_espesor-total-de-pared-mm-9-0-cs","59":"pa_material-flexible-poliuretan","60":"pa_material-manguera-tpu-cs","61":"pa_opacidad-pruhledny","62":"pa_presion-rotura-bar-10-0-cs","63":"pa_presion-rotura-bar-12-0-cs","64":"pa_presion-rotura-bar-14-0-cs","65":"pa_presion-rotura-bar-15-0-cs","66":"pa_presion-rotura-bar-4-0-cs","67":"pa_presion-rotura-bar-6-0-cs","68":"pa_presion-rotura-bar-8-0-cs","69":"pa_presion-rotura-bar-9-0-cs","70":"pa_presion-rotura-bar-3-0-cs-2","71":"pa_refuerzo-pvc-rigido-cs","72":"pa_resistencia-r-borax-5-cs","73":"pa_resistencia-r-cloruro-de-calcio-20-cs","74":"pa_resistencia-r-cloruro-de-calcio-25-cs","75":"pa_resistencia-r-cloruro-ferrico-cs","76":"pa_resistencia-r-dicromato-de-potasio-40-cs","77":"pa_resistencia-r-dicromato-de-potasio-todas-conc-cs","78":"pa_resistencia-r-nitrato-sodico-cs","79":"pa_resistencia-r-potasio-cs","80":"pa_resistencia-r-nitrato-de-amonio-25-cs","81":"pa_resistencia-r-glicol-de-etileno-cs","82":"pa_resistencia-r-glicerina-cs","83":"pa_resistencia-r-silicatos-aluminicos-cs","84":"pa_resistencia-r-hidroxido-de-potasio-5-cs","85":"pa_resistencia-r-hidroxido-de-sodio-sosa-5-cs","86":"pa_resistencia-r-sidra-cs","87":"pa_resistencia-r-silicatos-potasicos-cs","88":"pa_resistencia-r-alumbre-cs","89":"pa_resistencia-r-detergentes-concentrados-cs","90":"pa_resistencia-r-acido-clorhidrico-5-cs","91":"pa_resistencia-r-acido-sulfurico-5-cs","92":"pa_resistencia-r-acido-borico-5-cs","93":"pa_resistencia-r-acido-cromico-5-cs","94":"pa_resistencia-r-acido-citrico-5-cs","95":"pa_resistencia-r-acido-lactico-sol-acu-10-cs","96":"pa_resistencia-r-acido-acetico-3-cs","97":"pa_resistencia-r-acido-carbonico-5-cs","98":"pa_resistencia-r-oxigeno-cs","99":"pa_resistencia-r-manganato-potasico-cs","100":"pa_resistencia-r-morska-voda","101":"pa_resistencia-r-nitrogeno-cs","102":"pa_resistencia-r-anhidrido-carbonico-cs","103":"pa_resistencia-r-dioxido-de-carbono-cs","104":"pa_resistencia-r-oxidos-sulfurosos-cs","105":"pa_resistencia-r-parafina-cs","106":"pa_resistencia-r-perborato-sodico-cs","107":"pa_resistencia-r-cerveza-cs","108":"pa_resistencia-r-plomotetraetilo-cs","109":"pa_resistencia-r-azufre-cs","110":"pa_resistencia-r-sulfuro-de-bario-cs","111":"pa_resistencia-r-cianuro-de-sodio-cs","112":"pa_resistencia-r-silicatos-sodicos-cs","113":"pa_resistencia-r-carbonato-magnesico-cs","114":"pa_resistencia-r-carbonato-de-sodio-cs","115":"pa_resistencia-r-carbonato-calcico-cs","116":"pa_resistencia-r-voda","117":"pa_resistencia-r-vzduch","118":"pa_resistencia-r-sulfuro-ferrico-cs","119":"pa_resistencia-r-50-dusicnan-vapenaty","120":"pa_resistencia-r-acetamid","121":"pa_resistencia-r-aceton","122":"pa_resistencia-r-amoniak-gaz","123":"pa_resistencia-r-belidlo-slunce-alkalicke","124":"pa_resistencia-r-butylalkohol","125":"pa_resistencia-r-chlorid-amonny-25","126":"pa_resistencia-r-chlorid-draselny","127":"pa_resistencia-r-chlorid-rtutnaty","128":"pa_resistencia-r-dichlorethan","129":"pa_resistencia-r-dioctylsebacat","130":"pa_resistencia-r-ethyl-oxalat","131":"pa_resistencia-r-fenylamin","132":"pa_resistencia-r-freon-12-chladivo","133":"pa_resistencia-r-ftalaty","134":"pa_resistencia-r-hexan","135":"pa_resistencia-r-hlinity-chlorid-25","136":"pa_resistencia-r-hydraulicky-olej","137":"pa_resistencia-r-isopropylalkohol-cs","138":"pa_resistencia-r-kerosin","139":"pa_resistencia-r-koncentrovany-dusicnan-vapenaty","140":"pa_resistencia-r-laky-na-bazi-rozpoustedel","141":"pa_resistencia-r-lithiove-sodikove-a-vapnikove-tuky","142":"pa_resistencia-r-metan","143":"pa_resistencia-r-methyl-ethylketon","144":"pa_resistencia-r-mocovina-ad-blue","145":"pa_resistencia-r-motorova-nafta-a-bionafta","146":"pa_resistencia-r-mydlova-roztok-vsechny-koncentrace","147":"pa_resistencia-r-olej-astm-1","148":"pa_resistencia-r-olej-astm-2","149":"pa_resistencia-r-olej-astm-3","150":"pa_resistencia-r-ozon","151":"pa_resistencia-r-rostlinne-oleje","152":"pa_resistencia-r-silikonove-tuky","153":"pa_resistencia-r-silikonovy-olej","154":"pa_resistencia-r-siran-draselny","155":"pa_resistencia-r-siran-mednaty-sol-sat","156":"pa_resistencia-r-siran-vapenaty","157":"pa_resistencia-r-terpentyn","158":"pa_resistencia-r-trisulfat-sodny","159":"pa_resistencia-r-vodik","160":"pa_resistencia-r-zelatina","161":"pa_resistencia-r-zivocisne-tuky","162":"pa_resistente-a-la-abrasion-odolny-proti-oderu","163":"pa_resistente-lr-50-ethylalkohol","164":"pa_resistente-lr-benzin","165":"pa_resistente-lr-butylamin","166":"pa_resistente-lr-chlorid-sodny-25","167":"pa_resistente-lr-chlorid-vapenaty","168":"pa_resistente-lr-cyklohexan","169":"pa_resistente-lr-diethylenglykol","170":"pa_resistente-lr-ethan","171":"pa_resistente-lr-formaldehyd-20","172":"pa_resistente-lr-formaldehyd-30","173":"pa_resistente-lr-glykoly","174":"pa_resistente-lr-hydroxid-sodny-soda-10","175":"pa_resistente-lr-isobutylalkohol","176":"pa_resistente-lr-isopropylalkohol","177":"pa_resistente-lr-kyselina-borita-10","178":"pa_resistente-lr-kyselina-chlorovodikova-10","179":"pa_resistente-lr-kyselina-dusicna-5","180":"pa_resistente-lr-mazaci-oleje-ropa","181":"pa_resistente-lr-nafta-cs","182":"pa_resistente-lr-permanganates-potassique-10","183":"pa_resistente-lr-ropa","184":"pa_resistente-lr-sira","185":"pa_resistente-lr-topny-olej","186":"pa_resistente-lr-vodikovy-peroxid-30-obj","187":"pa_resistente-lr-white-spirit-cs","188":"pa_resistente-lr-zemni-plyn","189":"pa_resistente-nr-alcohol-etilico-96-cs","190":"pa_resistente-nr-acetaldehido-cs","191":"pa_resistente-nr-anhidrido-acetico-cs","192":"pa_resistente-nr-bromuro-de-alquilo-cs","193":"pa_resistente-nr-aldehidos-cs","194":"pa_resistente-nr-acetatos-de-alquilo-cs","195":"pa_resistente-nr-benzaldehido-cs","196":"pa_resistente-nr-bromo-cs","197":"pa_resistente-nr-cloro-100-gas-seco-cs","198":"pa_resistente-nr-tetracloruro-de-carbono2-cs","199":"pa_resistente-nr-cicloalcanos-cs","200":"pa_resistente-nr-cicloalcoholes-cs","201":"pa_resistente-nr-ciclohexanona-cs","202":"pa_resistente-nr-ciclocetonas-cs","203":"pa_resistente-nr-dimetil-formamida-cs","204":"pa_resistente-nr-sebacato-de-dioctilo-cs","205":"pa_resistente-nr-acido-nitrico-70-cs","206":"pa_resistente-nr-nitrito-sodico-cs","207":"pa_resistente-nr-acido-ftalico-cs","208":"pa_resistente-nr-hidracina-cs","209":"pa_resistente-nr-cetonas-cs","210":"pa_resistente-nr-acido-acetico-conc-cs","211":"pa_resistente-nr-cresol-cs","212":"pa_resistente-nr-acido-nitrico-95-cs","213":"pa_resistente-nr-acido-fluorhidrico-40-cs","214":"pa_resistente-nr-acido-fluorhidrico-60-cs","215":"pa_resistente-nr-acido-formico-25-cs","216":"pa_resistente-nr-acido-formico-85-cs","217":"pa_resistente-nr-acido-formico-conc-cs","218":"pa_resistente-nr-acido-oleico-cs","219":"pa_resistente-nr-acido-sulfurico-conc-fuming-cs","220":"pa_resistente-nr-alcohol-etilico-max-conc-cs","221":"pa_resistente-nr-urea-30-cs","222":"pa_resistente-nr-acido-peracetico-cs","223":"pa_resistente-nr-silicona-cs","224":"pa_resistente-nr-acido-sulfurico-70-cs","225":"pa_resistente-nr-acido-sulfurico-80-cs","226":"pa_resistente-nr-acido-sulfurico-96-cs","227":"pa_resistente-nr-acido-sulfurico-98-cs","228":"pa_resistente-nr-30-kyselina-octova","229":"pa_resistente-nr-bisulfat-sodny","230":"pa_resistente-nr-bisulfat-vapenaty","231":"pa_resistente-nr-chlorid-sodny-14-cl2","232":"pa_resistente-nr-chlorid-sodny-15-cl2","233":"pa_resistente-nr-cyklohexanol","234":"pa_resistente-nr-diethylamin","235":"pa_resistente-nr-dietyleter","236":"pa_resistente-nr-kyselina-dusicna-10","237":"pa_resistente-nr-kwas-azotowy-20-cs","238":"pa_resistente-nr-kwas-azotowy-30-cs","239":"pa_resistente-nr-dusicna-kyselina-50","240":"pa_resistente-nr-epoxidova-pryskyrice","241":"pa_resistente-nr-ethyl-ether","242":"pa_resistente-nr-fenol-cs","243":"pa_resistente-nr-formaldehyd-37","244":"pa_resistente-nr-formaldehyd-40-cs","245":"pa_resistente-nr-freon-11-chladivo","246":"pa_resistente-nr-freon-22-chladivo","247":"pa_resistente-nr-hlinity-sulfat","248":"pa_resistente-nr-hydrochinon","249":"pa_resistente-nr-hydroxid-sodny-soda-20","250":"pa_resistente-nr-hydroxid-sodny-soda-50","251":"pa_resistente-nr-koncentrovana-kyselina-chlorovodikova","252":"pa_resistente-nr-koncentrovany-hydroxid-sodny-louh","253":"pa_resistente-nr-kyselina-bromovodikova-roztok-50","254":"pa_resistente-nr-kyselina-chlorovodikova-20","255":"pa_resistente-nr-kyselina-chlorovodikova-22","256":"pa_resistente-nr-kyselina-fluorovodikova-20","257":"pa_resistente-nr-kyselina-fluorovodikova-30","258":"pa_resistente-nr-kyselina-mravenci-10","259":"pa_resistente-nr-kyselina-mravenci-20","260":"pa_resistente-nr-kyselina-octova-50","261":"pa_resistente-nr-kyselina-stavelova","262":"pa_resistente-nr-methylalkohol-6","263":"pa_resistente-nr-methylchlorid","264":"pa_resistente-nr-methylenchlorid","265":"pa_resistente-nr-ocetova-kyselina-80","266":"pa_resistente-nr-oleum-cs","267":"pa_resistente-nr-pentan","268":"pa_resistente-nr-perchloroethylen","269":"pa_resistente-nr-rozpustny-siran-amonny","270":"pa_resistente-nr-sira-20","271":"pa_resistente-nr-sira-25","272":"pa_resistente-nr-sira-50","273":"pa_resistente-nr-tanin","274":"pa_resistente-nr-tekuta-mydla","275":"pa_resistente-nr-tetrahydrofuran","276":"pa_resistente-nr-toluen","277":"pa_resistente-nr-triethanolamin","278":"pa_resistente-nr-vlhky-chlor","279":"pa_resistente-nr-xylen","280":"pa_resistente-nr-zivocisny-olej","281":"pa_resistente-sr-whisky-cs","282":"pa_resistente-sr-mineralni-olej","283":"pa_resistente-sr-olej-semena","284":"pa_resistente-sr-vina","285":"pa_superficie-exterior-vlnity","286":"pa_superficie-interior-hladky","287":"pa_temperatura-maxima-oc-80c-cs","288":"pa_temperatura-minima-oc-20c-cs","289":"pa_vacio-m-h2o-9-0-cs","291":"first","292":"instock","293":"shipping-taxable","294":"product-type-variable"},"_links":{"self":[{"href":"https:\/\/www.espiroflex.com\/cs\/wp-json\/wp\/v2\/product\/24270","targetHints":{"allow":["GET"]}}],"collection":[{"href":"https:\/\/www.espiroflex.com\/cs\/wp-json\/wp\/v2\/product"}],"about":[{"href":"https:\/\/www.espiroflex.com\/cs\/wp-json\/wp\/v2\/types\/product"}],"wp:featuredmedia":[{"embeddable":true,"href":"https:\/\/www.espiroflex.com\/cs\/wp-json\/wp\/v2\/media\/6273"}],"wp:attachment":[{"href":"https:\/\/www.espiroflex.com\/cs\/wp-json\/wp\/v2\/media?parent=24270"}],"wp:term":[{"taxonomy":"product_brand","embeddable":true,"href":"https:\/\/www.espiroflex.com\/cs\/wp-json\/wp\/v2\/product_brand?post=24270"},{"taxonomy":"product_cat","embeddable":true,"href":"https:\/\/www.espiroflex.com\/cs\/wp-json\/wp\/v2\/product_cat?post=24270"},{"taxonomy":"product_tag","embeddable":true,"href":"https:\/\/www.espiroflex.com\/cs\/wp-json\/wp\/v2\/product_tag?post=24270"}],"curies":[{"name":"wp","href":"https:\/\/api.w.org\/{rel}","templated":true}]}}