{"id":24207,"date":"2025-07-22T18:36:43","date_gmt":"2025-11-20T09:47:54","guid":{"rendered":"https:\/\/www.espiroflex.com\/espirofood-pu\/"},"modified":"2025-11-25T13:48:16","modified_gmt":"2025-11-25T12:48:16","slug":"espirofood-pu","status":"publish","type":"product","link":"https:\/\/www.espiroflex.com\/cs\/produkt\/espirofood-pu\/","title":{"rendered":"Espirofood PU"},"content":{"rendered":"<p>Trubka z Flexibiln\u00edho PVC bez ftal\u00e1t\u016f, vyztu\u017een\u00e1 spir\u00e1lou z tvrd\u00e9ho PVC odoln\u00e9ho proti n\u00e1raz\u016fm a s vnit\u0159n\u00ed vrstvou z PU na polyesterov\u00e9 z\u00e1kladn\u011b.<\/p>\n","protected":false},"excerpt":{"rendered":"<p>Trubka z Flexibiln\u00edho PVC bez ftal\u00e1t\u016f, vyztu\u017een\u00e1 spir\u00e1lou z tvrd\u00e9ho PVC odoln\u00e9ho proti n\u00e1raz\u016fm a s vnit\u0159n\u00ed vrstvou z PU na polyesterov\u00e9 z\u00e1kladn\u011b.<\/p>\n","protected":false},"featured_media":6073,"template":"","meta":[],"product_brand":[972],"product_cat":[3923,401,406,420,414,398,419],"product_tag":[],"class_list":{"0":"post-24207","1":"product","2":"type-product","3":"status-publish","4":"has-post-thumbnail","6":"product_brand-espiroaceite","7":"product_cat-prumyslove","8":"product_cat-sani-kapalin","9":"product_cat-pu-hadice","10":"product_cat-potravinarstvi","11":"product_cat-prumyslove-pouziti","12":"product_cat-pvc-sani-kapalin","13":"product_cat-zemedelstvi","14":"pa_color-zelena","15":"pa_construccion-manguera-spiralovity","16":"pa_diametro-interno-mm-25-0-cs","17":"pa_diametro-interno-mm-30-0-cs","18":"pa_diametro-interno-mm-35-0-cs","19":"pa_diametro-interno-mm-40-0-cs","20":"pa_diametro-interno-mm-45-0-cs","21":"pa_diametro-interno-mm-51-0-cs","22":"pa_diametro-interno-mm-60-0-cs","23":"pa_diametro-interno-mm-63-0-cs","24":"pa_diametro-interno-mm-70-0-cs","25":"pa_diametro-interno-mm-76-0-cs","26":"pa_diametro-interno-mm-80-0-cs","27":"pa_diametro-interno-mm-90-0-cs","28":"pa_diametro-interno-mm-102-0-cs","29":"pa_diametro-interno-mm-110-0-cs","30":"pa_diametro-interno-pulg-1-3-4-cs","31":"pa_diametro-interno-pulg-1-5-8-cs","32":"pa_diametro-interno-pulg-2-cs","33":"pa_diametro-interno-pulg-2-3-4-cs","34":"pa_diametro-interno-pulg-3-cs","35":"pa_diametro-interno-pulg-3-1-2-cs","36":"pa_diametro-interno-pulg-3-1-8-cs","37":"pa_diametro-interno-pulg-4-cs","38":"pa_diametro-interno-pulg-4-5-16-cs","39":"pa_diametro-interno-pulg-1-cs","40":"pa_diametro-interno-pulg-1-1-2-cs","41":"pa_diametro-interno-pulg-1-1-8-cs","42":"pa_diametro-interno-pulg-1-3-8-cs","43":"pa_diametro-interno-pulg-2-1-4-cs","44":"pa_espesor-total-de-pared-mm-4-5-cs","45":"pa_espesor-total-de-pared-mm-5-0-cs","46":"pa_espesor-total-de-pared-mm-5-5-cs","47":"pa_espesor-total-de-pared-mm-6-0-cs","48":"pa_espesor-total-de-pared-mm-6-5-cs","49":"pa_espesor-total-de-pared-mm-7-5-cs","50":"pa_espesor-total-de-pared-mm-8-0-cs","51":"pa_espesor-total-de-pared-mm-7-0-cs","52":"pa_espesor-total-de-pared-mm-8-5-cs","53":"pa_material-flexible-flexibilni-pvc-pu","54":"pa_material-manguera-tpu-cs","55":"pa_opacidad-pruhledny","56":"pa_presion-rotura-bar-10-0-cs","57":"pa_presion-rotura-bar-12-0-cs","58":"pa_presion-rotura-bar-16-0-cs","59":"pa_refuerzo-pvc-rigido-cs","60":"pa_resistencia-r-borax-5-cs","61":"pa_resistencia-r-cloruro-de-calcio-20-cs","62":"pa_resistencia-r-cloruro-de-calcio-25-cs","63":"pa_resistencia-r-cloruro-ferrico-cs","64":"pa_resistencia-r-dicromato-de-potasio-40-cs","65":"pa_resistencia-r-dicromato-de-potasio-todas-conc-cs","66":"pa_resistencia-r-nitrato-sodico-cs","67":"pa_resistencia-r-potasio-cs","68":"pa_resistencia-r-nitrato-de-amonio-25-cs","69":"pa_resistencia-r-glicol-de-etileno-cs","70":"pa_resistencia-r-glicerina-cs","71":"pa_resistencia-r-silicatos-aluminicos-cs","72":"pa_resistencia-r-hidroxido-de-potasio-5-cs","73":"pa_resistencia-r-hidroxido-de-sodio-sosa-5-cs","74":"pa_resistencia-r-sidra-cs","75":"pa_resistencia-r-silicatos-potasicos-cs","76":"pa_resistencia-r-alumbre-cs","77":"pa_resistencia-r-detergentes-concentrados-cs","78":"pa_resistencia-r-acido-clorhidrico-5-cs","79":"pa_resistencia-r-acido-sulfurico-5-cs","80":"pa_resistencia-r-acido-borico-5-cs","81":"pa_resistencia-r-acido-cromico-5-cs","82":"pa_resistencia-r-acido-citrico-5-cs","83":"pa_resistencia-r-acido-lactico-sol-acu-10-cs","84":"pa_resistencia-r-acido-acetico-3-cs","85":"pa_resistencia-r-acido-carbonico-5-cs","86":"pa_resistencia-r-oxigeno-cs","87":"pa_resistencia-r-manganato-potasico-cs","88":"pa_resistencia-r-morska-voda","89":"pa_resistencia-r-nitrogeno-cs","90":"pa_resistencia-r-anhidrido-carbonico-cs","91":"pa_resistencia-r-dioxido-de-carbono-cs","92":"pa_resistencia-r-oxidos-sulfurosos-cs","93":"pa_resistencia-r-parafina-cs","94":"pa_resistencia-r-perborato-sodico-cs","95":"pa_resistencia-r-cerveza-cs","96":"pa_resistencia-r-plomotetraetilo-cs","97":"pa_resistencia-r-azufre-cs","98":"pa_resistencia-r-sulfuro-de-bario-cs","99":"pa_resistencia-r-cianuro-de-sodio-cs","100":"pa_resistencia-r-silicatos-sodicos-cs","101":"pa_resistencia-r-carbonato-magnesico-cs","102":"pa_resistencia-r-carbonato-de-sodio-cs","103":"pa_resistencia-r-carbonato-calcico-cs","104":"pa_resistencia-r-voda","105":"pa_resistencia-r-vzduch","106":"pa_resistencia-r-sulfuro-ferrico-cs","107":"pa_resistencia-r-50-dusicnan-vapenaty","108":"pa_resistencia-r-acetamid","109":"pa_resistencia-r-aceton","110":"pa_resistencia-r-amoniak-gaz","111":"pa_resistencia-r-belidlo-slunce-alkalicke","112":"pa_resistencia-r-butylalkohol","113":"pa_resistencia-r-chlorid-amonny-25","114":"pa_resistencia-r-chlorid-draselny","115":"pa_resistencia-r-chlorid-rtutnaty","116":"pa_resistencia-r-dichlorethan","117":"pa_resistencia-r-dioctylsebacat","118":"pa_resistencia-r-ethyl-oxalat","119":"pa_resistencia-r-fenylamin","120":"pa_resistencia-r-freon-12-chladivo","121":"pa_resistencia-r-ftalaty","122":"pa_resistencia-r-hexan","123":"pa_resistencia-r-hlinity-chlorid-25","124":"pa_resistencia-r-hydraulicky-olej","125":"pa_resistencia-r-isopropylalkohol-cs","126":"pa_resistencia-r-kerosin","127":"pa_resistencia-r-koncentrovany-dusicnan-vapenaty","128":"pa_resistencia-r-laky-na-bazi-rozpoustedel","129":"pa_resistencia-r-lithiove-sodikove-a-vapnikove-tuky","130":"pa_resistencia-r-metan","131":"pa_resistencia-r-methyl-ethylketon","132":"pa_resistencia-r-mocovina-ad-blue","133":"pa_resistencia-r-motorova-nafta-a-bionafta","134":"pa_resistencia-r-mydlova-roztok-vsechny-koncentrace","135":"pa_resistencia-r-olej-astm-1","136":"pa_resistencia-r-olej-astm-2","137":"pa_resistencia-r-olej-astm-3","138":"pa_resistencia-r-ozon","139":"pa_resistencia-r-rostlinne-oleje","140":"pa_resistencia-r-silikonove-tuky","141":"pa_resistencia-r-silikonovy-olej","142":"pa_resistencia-r-siran-draselny","143":"pa_resistencia-r-siran-mednaty-sol-sat","144":"pa_resistencia-r-siran-vapenaty","145":"pa_resistencia-r-terpentyn","146":"pa_resistencia-r-trisulfat-sodny","147":"pa_resistencia-r-vodik","148":"pa_resistencia-r-zelatina","149":"pa_resistencia-r-zivocisne-tuky","150":"pa_resistente-a-la-abrasion-odolny-proti-oderu","151":"pa_resistente-lr-50-ethylalkohol","152":"pa_resistente-lr-benzin","153":"pa_resistente-lr-butylamin","154":"pa_resistente-lr-chlorid-sodny-25","155":"pa_resistente-lr-chlorid-vapenaty","156":"pa_resistente-lr-cyklohexan","157":"pa_resistente-lr-diethylenglykol","158":"pa_resistente-lr-ethan","159":"pa_resistente-lr-formaldehyd-20","160":"pa_resistente-lr-formaldehyd-30","161":"pa_resistente-lr-glykoly","162":"pa_resistente-lr-hydroxid-sodny-soda-10","163":"pa_resistente-lr-isobutylalkohol","164":"pa_resistente-lr-isopropylalkohol","165":"pa_resistente-lr-kyselina-borita-10","166":"pa_resistente-lr-kyselina-chlorovodikova-10","167":"pa_resistente-lr-kyselina-dusicna-5","168":"pa_resistente-lr-mazaci-oleje-ropa","169":"pa_resistente-lr-nafta-cs","170":"pa_resistente-lr-permanganates-potassique-10","171":"pa_resistente-lr-ropa","172":"pa_resistente-lr-sira","173":"pa_resistente-lr-topny-olej","174":"pa_resistente-lr-vodikovy-peroxid-30-obj","175":"pa_resistente-lr-white-spirit-cs","176":"pa_resistente-lr-zemni-plyn","177":"pa_resistente-nr-alcohol-etilico-96-cs","178":"pa_resistente-nr-acetaldehido-cs","179":"pa_resistente-nr-anhidrido-acetico-cs","180":"pa_resistente-nr-bromuro-de-alquilo-cs","181":"pa_resistente-nr-aldehidos-cs","182":"pa_resistente-nr-acetatos-de-alquilo-cs","183":"pa_resistente-nr-benzaldehido-cs","184":"pa_resistente-nr-bromo-cs","185":"pa_resistente-nr-cloro-100-gas-seco-cs","186":"pa_resistente-nr-tetracloruro-de-carbono2-cs","187":"pa_resistente-nr-cicloalcanos-cs","188":"pa_resistente-nr-cicloalcoholes-cs","189":"pa_resistente-nr-ciclohexanona-cs","190":"pa_resistente-nr-ciclocetonas-cs","191":"pa_resistente-nr-dimetil-formamida-cs","192":"pa_resistente-nr-sebacato-de-dioctilo-cs","193":"pa_resistente-nr-acido-nitrico-70-cs","194":"pa_resistente-nr-nitrito-sodico-cs","195":"pa_resistente-nr-acido-ftalico-cs","196":"pa_resistente-nr-hidracina-cs","197":"pa_resistente-nr-cetonas-cs","198":"pa_resistente-nr-acido-acetico-conc-cs","199":"pa_resistente-nr-cresol-cs","200":"pa_resistente-nr-acido-nitrico-95-cs","201":"pa_resistente-nr-acido-fluorhidrico-40-cs","202":"pa_resistente-nr-acido-fluorhidrico-60-cs","203":"pa_resistente-nr-acido-formico-25-cs","204":"pa_resistente-nr-acido-formico-85-cs","205":"pa_resistente-nr-acido-formico-conc-cs","206":"pa_resistente-nr-acido-oleico-cs","207":"pa_resistente-nr-acido-sulfurico-conc-fuming-cs","208":"pa_resistente-nr-alcohol-etilico-max-conc-cs","209":"pa_resistente-nr-urea-30-cs","210":"pa_resistente-nr-acido-peracetico-cs","211":"pa_resistente-nr-silicona-cs","212":"pa_resistente-nr-acido-sulfurico-70-cs","213":"pa_resistente-nr-acido-sulfurico-80-cs","214":"pa_resistente-nr-acido-sulfurico-96-cs","215":"pa_resistente-nr-acido-sulfurico-98-cs","216":"pa_resistente-nr-30-kyselina-octova","217":"pa_resistente-nr-bisulfat-sodny","218":"pa_resistente-nr-bisulfat-vapenaty","219":"pa_resistente-nr-chlorid-sodny-14-cl2","220":"pa_resistente-nr-chlorid-sodny-15-cl2","221":"pa_resistente-nr-cyklohexanol","222":"pa_resistente-nr-diethylamin","223":"pa_resistente-nr-dietyleter","224":"pa_resistente-nr-kyselina-dusicna-10","225":"pa_resistente-nr-kwas-azotowy-20-cs","226":"pa_resistente-nr-kwas-azotowy-30-cs","227":"pa_resistente-nr-dusicna-kyselina-50","228":"pa_resistente-nr-epoxidova-pryskyrice","229":"pa_resistente-nr-ethyl-ether","230":"pa_resistente-nr-fenol-cs","231":"pa_resistente-nr-formaldehyd-37","232":"pa_resistente-nr-formaldehyd-40-cs","233":"pa_resistente-nr-freon-11-chladivo","234":"pa_resistente-nr-freon-22-chladivo","235":"pa_resistente-nr-hlinity-sulfat","236":"pa_resistente-nr-hydrochinon","237":"pa_resistente-nr-hydroxid-sodny-soda-20","238":"pa_resistente-nr-hydroxid-sodny-soda-50","239":"pa_resistente-nr-koncentrovana-kyselina-chlorovodikova","240":"pa_resistente-nr-koncentrovany-hydroxid-sodny-louh","241":"pa_resistente-nr-kyselina-bromovodikova-roztok-50","242":"pa_resistente-nr-kyselina-chlorovodikova-20","243":"pa_resistente-nr-kyselina-chlorovodikova-22","244":"pa_resistente-nr-kyselina-fluorovodikova-20","245":"pa_resistente-nr-kyselina-fluorovodikova-30","246":"pa_resistente-nr-kyselina-mravenci-10","247":"pa_resistente-nr-kyselina-mravenci-20","248":"pa_resistente-nr-kyselina-octova-50","249":"pa_resistente-nr-kyselina-stavelova","250":"pa_resistente-nr-methylalkohol-6","251":"pa_resistente-nr-methylchlorid","252":"pa_resistente-nr-methylenchlorid","253":"pa_resistente-nr-ocetova-kyselina-80","254":"pa_resistente-nr-oleum-cs","255":"pa_resistente-nr-pentan","256":"pa_resistente-nr-perchloroethylen","257":"pa_resistente-nr-rozpustny-siran-amonny","258":"pa_resistente-nr-sira-20","259":"pa_resistente-nr-sira-25","260":"pa_resistente-nr-sira-50","261":"pa_resistente-nr-tanin","262":"pa_resistente-nr-tekuta-mydla","263":"pa_resistente-nr-tetrahydrofuran","264":"pa_resistente-nr-toluen","265":"pa_resistente-nr-triethanolamin","266":"pa_resistente-nr-vlhky-chlor","267":"pa_resistente-nr-xylen","268":"pa_resistente-nr-zivocisny-olej","269":"pa_resistente-sr-whisky-cs","270":"pa_resistente-sr-mineralni-olej","271":"pa_resistente-sr-olej-semena","272":"pa_resistente-sr-vina","273":"pa_superficie-exterior-hladky","274":"pa_superficie-interior-hladky","275":"pa_temperatura-maxima-oc-80c-cs","276":"pa_temperatura-minima-oc-20c-cs","277":"pa_vacio-m-h2o-9-0-cs","279":"first","280":"instock","281":"shipping-taxable","282":"product-type-variable"},"_links":{"self":[{"href":"https:\/\/www.espiroflex.com\/cs\/wp-json\/wp\/v2\/product\/24207","targetHints":{"allow":["GET"]}}],"collection":[{"href":"https:\/\/www.espiroflex.com\/cs\/wp-json\/wp\/v2\/product"}],"about":[{"href":"https:\/\/www.espiroflex.com\/cs\/wp-json\/wp\/v2\/types\/product"}],"wp:featuredmedia":[{"embeddable":true,"href":"https:\/\/www.espiroflex.com\/cs\/wp-json\/wp\/v2\/media\/6073"}],"wp:attachment":[{"href":"https:\/\/www.espiroflex.com\/cs\/wp-json\/wp\/v2\/media?parent=24207"}],"wp:term":[{"taxonomy":"product_brand","embeddable":true,"href":"https:\/\/www.espiroflex.com\/cs\/wp-json\/wp\/v2\/product_brand?post=24207"},{"taxonomy":"product_cat","embeddable":true,"href":"https:\/\/www.espiroflex.com\/cs\/wp-json\/wp\/v2\/product_cat?post=24207"},{"taxonomy":"product_tag","embeddable":true,"href":"https:\/\/www.espiroflex.com\/cs\/wp-json\/wp\/v2\/product_tag?post=24207"}],"curies":[{"name":"wp","href":"https:\/\/api.w.org\/{rel}","templated":true}]}}