{"id":24174,"date":"2025-07-22T19:15:34","date_gmt":"2025-11-20T09:42:20","guid":{"rendered":"https:\/\/www.espiroflex.com\/espiroflex-alluminio-compatto\/"},"modified":"2025-11-25T13:37:32","modified_gmt":"2025-11-25T12:37:32","slug":"espiroflex-alluminio-compatto","status":"publish","type":"product","link":"https:\/\/www.espiroflex.com\/cs\/produkt\/espiroflex-alluminio-compatto\/","title":{"rendered":"ESPIROFLEX ALLUMINIO COMPATTO"},"content":{"rendered":"<p>Vlnit\u00e1 hlin\u00edkov\u00e1 trubka ur\u010den\u00e1 pro s\u00e1n\u00ed kou\u0159e a plyn\u016f dom\u00e1c\u00edho a pr\u016fmyslov\u00e9ho typu a pro obecnou ventilaci. Odoln\u00e1 v\u016f\u010di ohyb\u016fm a t\u011bsn\u00e1 p\u0159i teplot\u00e1ch a\u017e 300 \u00b0C. Velmi flexibiln\u00ed a lehk\u00e1 pro snadnou manipulaci. Rozta\u017eiteln\u00e1: pom\u011br 20 cm = 1 m. Kompaktn\u00ed. K dispozici na\u0159ezan\u00e1 na segmenty a smr\u0161titeln\u00e1.<\/p>\n","protected":false},"excerpt":{"rendered":"<p>Vlnit\u00e1 hlin\u00edkov\u00e1 trubka ur\u010den\u00e1 pro s\u00e1n\u00ed kou\u0159e a plyn\u016f dom\u00e1c\u00edho a pr\u016fmyslov\u00e9ho typu a pro obecnou ventilaci. Odoln\u00e1 v\u016f\u010di ohyb\u016fm a t\u011bsn\u00e1 p\u0159i teplot\u00e1ch a\u017e 300 \u00b0C. Velmi flexibiln\u00ed a lehk\u00e1 pro snadnou manipulaci. Rozta\u017eiteln\u00e1: pom\u011br 20 cm = 1 m. Kompaktn\u00ed. K dispozici na\u0159ezan\u00e1 na segmenty a smr\u0161titeln\u00e1.<\/p>\n","protected":false},"featured_media":6624,"template":"","meta":[],"product_brand":[995],"product_cat":[395,397,4917,413,411,412,4923],"product_tag":[],"class_list":{"0":"post-24174","1":"product","2":"type-product","3":"status-publish","4":"has-post-thumbnail","6":"product_brand-aluminio","7":"product_cat-pvc-hadice","8":"product_cat-pvc-domaci-pouziti","9":"product_cat-sanace","10":"product_cat-sanitarni","11":"product_cat-stavebnictvi","12":"product_cat-zahrady","13":"product_cat-zelezarstvi","14":"pa_aplicaciones-prumyslove","15":"pa_aplicaciones-krajowy","16":"pa_color-seda","17":"pa_construccion-manguera-hlinik","18":"pa_diametro-interno-mm-80-0-cs","19":"pa_diametro-interno-mm-90-0-cs","20":"pa_diametro-interno-mm-100-0-cs","21":"pa_diametro-interno-mm-110-0-cs","22":"pa_diametro-interno-mm-120-0-cs","23":"pa_diametro-interno-mm-127-0-cs","24":"pa_diametro-interno-mm-130-0-cs","25":"pa_diametro-interno-mm-140-0-cs","26":"pa_diametro-interno-mm-152-0-cs","27":"pa_diametro-interno-mm-160-0-cs","28":"pa_diametro-interno-mm-180-0-cs","29":"pa_diametro-interno-mm-203-0-cs","30":"pa_diametro-interno-mm-225-0-cs","31":"pa_diametro-interno-mm-254-0-cs","32":"pa_diametro-interno-mm-305-0-cs","33":"pa_diametro-interno-mm-350-0-cs","34":"pa_diametro-interno-mm-400-0-cs","35":"pa_diametro-interno-mm-450-0-cs","36":"pa_diametro-interno-pulg-10-cs","37":"pa_diametro-interno-pulg-3-1-2-cs","38":"pa_diametro-interno-pulg-3-1-8-cs","39":"pa_diametro-interno-pulg-4-cs","40":"pa_diametro-interno-pulg-4-5-16-cs","41":"pa_diametro-interno-pulg-5-cs","42":"pa_diametro-interno-pulg-6-cs","43":"pa_diametro-interno-pulg-8-cs","44":"pa_diametro-interno-pulg-12-cs","45":"pa_diametro-interno-pulg-14-cs","46":"pa_diametro-interno-pulg-16-cs","47":"pa_diametro-interno-pulg-18-cs","48":"pa_diametro-interno-pulg-4-3-4-cs","49":"pa_diametro-interno-pulg-5-1-2-cs","50":"pa_diametro-interno-pulg-5-1-4-cs","51":"pa_diametro-interno-pulg-6-1-4-cs","52":"pa_diametro-interno-pulg-7-cs","53":"pa_diametro-interno-pulg-9-cs","54":"pa_espesor-total-de-pared-mm-4-5-cs","55":"pa_espesor-total-de-pared-mm-2-0-cs","56":"pa_espesor-total-de-pared-mm-2-5-cs","57":"pa_espesor-total-de-pared-mm-3-0-cs","58":"pa_espesor-total-de-pared-mm-3-5-cs","59":"pa_material-flexible-aluminium","60":"pa_material-manguera-pvc-cs","61":"pa_opacidad-nepruhledny","62":"pa_resistencia-r-10-ethylalkohol","63":"pa_resistencia-r-40-ethylalkohol","64":"pa_resistencia-r-acetat-vapenaty","65":"pa_resistencia-r-kyselina-stavelova","66":"pa_resistencia-r-acido-sulfurico-25-cs","67":"pa_resistencia-r-sulfuro-de-amonio-cs","68":"pa_resistencia-r-nitrato-de-amonio-sol-sat-cs","69":"pa_resistencia-r-amylalkohol","70":"pa_resistencia-r-tricloruro-de-antimonio-cs","71":"pa_resistencia-r-bisulfato-sodico-cs","72":"pa_resistencia-r-bisulfato-calcico-cs","73":"pa_resistencia-r-bisulfatos-y-bisulfatos-met-cs","74":"pa_resistencia-r-borax-5-cs","75":"pa_resistencia-r-borax-conc-cs","76":"pa_resistencia-r-hipoclorito-de-sodio-14-cl2-cs","77":"pa_resistencia-r-hipoclorito-de-sodio-15-cl2-cs","78":"pa_resistencia-r-cloruro-de-sodio-20-cs","79":"pa_resistencia-r-cloruro-de-sodio-25-cs","80":"pa_resistencia-r-hipoclorito-de-calcio-cs","81":"pa_resistencia-r-cloruro-de-calcio-20-cs","82":"pa_resistencia-r-cloruro-de-calcio-25-cs","83":"pa_resistencia-r-cloruro-de-calcio-sol-sat-cs","84":"pa_resistencia-r-cloruro-ferrico-cs","85":"pa_resistencia-r-cloruro-de-zinc-20-cs","86":"pa_resistencia-r-dextrina-cs","87":"pa_resistencia-r-dextrosa-cs","88":"pa_resistencia-r-dicromato-de-potasio-40-cs","89":"pa_resistencia-r-dicromato-de-potasio-todas-conc-cs","90":"pa_resistencia-r-dodecanol-cs","91":"pa_resistencia-r-nitrato-sodico-cs","92":"pa_resistencia-r-potasio-cs","93":"pa_resistencia-r-nitrato-de-amonio-25-cs","94":"pa_resistencia-r-emulsionantes-cs","95":"pa_resistencia-r-ethylalkohol-35","96":"pa_resistencia-r-glicol-de-etileno-cs","97":"pa_resistencia-r-formaldehido-30-cs","98":"pa_resistencia-r-formaldehido-37-cs","99":"pa_resistencia-r-fructosa-cs","100":"pa_resistencia-r-glicerina-cs","101":"pa_resistencia-r-glicerol-cs","102":"pa_resistencia-r-acetato-de-aluminio-cs","103":"pa_resistencia-r-silicatos-aluminicos-cs","104":"pa_resistencia-r-hidroquinona-cs","105":"pa_resistencia-r-hidroxido-de-amonio-10-cs","106":"pa_resistencia-r-hidroxido-de-amonio-25-cs","107":"pa_resistencia-r-hidroxido-de-amonio-28-cs","108":"pa_resistencia-r-hidroxido-de-amonio-5-cs","109":"pa_resistencia-r-hidroxido-de-potasio-10-cs","110":"pa_resistencia-r-hidroxido-de-potasio-5-cs","111":"pa_resistencia-r-hidroxido-de-potasio-50-cs","112":"pa_resistencia-r-hidroxido-de-potasio-conc-cs","113":"pa_resistencia-r-hidroxido-de-aluminio-cs","114":"pa_resistencia-r-hidroxido-de-sodio-sosa-10-cs","115":"pa_resistencia-r-hidroxido-de-sodio-sosa-20-cs","116":"pa_resistencia-r-hidroxido-de-sodio-sosa-5-cs","117":"pa_resistencia-r-hidroxido-de-calcio-cs","118":"pa_resistencia-r-isobutylalkohol","119":"pa_resistencia-r-isopropylalkohol","120":"pa_resistencia-r-sidra-cs","121":"pa_resistencia-r-silicatos-potasicos-cs","122":"pa_resistencia-r-alumbre-cs","123":"pa_resistencia-r-caseina-cs","124":"pa_resistencia-r-acido-borico-conc-cs","125":"pa_resistencia-r-acido-clorhidrico-conc-cs","126":"pa_resistencia-r-acido-carbonico-conc-cs","127":"pa_resistencia-r-detergentes-concentrados-cs","128":"pa_resistencia-r-cloruro-de-sodio-conc-cs","129":"pa_resistencia-r-cloruro-de-zinc-conc-cs","130":"pa_resistencia-r-acido-clorhidrico-10-cs","131":"pa_resistencia-r-acido-clorhidrico-20-cs","132":"pa_resistencia-r-acido-clorhidrico-22-cs","133":"pa_resistencia-r-acido-clorhidrico-5-cs","134":"pa_resistencia-r-acido-sulfurico-20-cs","135":"pa_resistencia-r-acido-sulfurico-5-cs","136":"pa_resistencia-r-acido-adipico-cs","137":"pa_resistencia-r-acido-borico-10-cs","138":"pa_resistencia-r-acido-borico-5-cs","139":"pa_resistencia-r-acido-bromhidrico-sol-acu-30-cs","140":"pa_resistencia-r-acido-bromhidrico-sol-acu-50-cs","141":"pa_resistencia-r-acido-cromico-5-cs","142":"pa_resistencia-r-acido-citrico-5-cs","143":"pa_resistencia-r-acido-nitrico-10-cs","144":"pa_resistencia-r-acido-nitrico-20-cs","145":"pa_resistencia-r-acido-nitrico-30-cs","146":"pa_resistencia-r-acido-nitrico-5-cs","147":"pa_resistencia-r-acido-nitrico-50-cs","148":"pa_resistencia-r-acido-fluorhidrico-4-cs","149":"pa_resistencia-r-acido-fosforico-20-cs","150":"pa_resistencia-r-acido-fosforico-30-cs","151":"pa_resistencia-r-acido-fosforico-5-cs","152":"pa_resistencia-r-acido-hiplocoroso-20-cs","153":"pa_resistencia-r-acido-hiplocoroso-sol-acu-conc-cs","154":"pa_resistencia-r-acido-lactico-sol-acu-10-cs","155":"pa_resistencia-r-acido-lactico-sol-acu-3-cs","156":"pa_resistencia-r-acido-acetico-10-cs","157":"pa_resistencia-r-acido-acetico-3-cs","158":"pa_resistencia-r-acido-acetico-5-cs","159":"pa_resistencia-r-acido-estearico-cs","160":"pa_resistencia-r-acido-carbonico-5-cs","161":"pa_resistencia-r-oxigeno-cs","162":"pa_resistencia-r-lanolina-cs","163":"pa_resistencia-r-manganato-potasico-cs","164":"pa_resistencia-r-acido-butirico-20-cs","165":"pa_resistencia-r-acidos-grasos-c6-cs","166":"pa_resistencia-r-methylalkohol-5","167":"pa_resistencia-r-methylalkohol-6","168":"pa_resistencia-r-morska-voda","169":"pa_resistencia-r-nitrogeno-cs","170":"pa_resistencia-r-vinagre-cs","171":"pa_resistencia-r-anhidrido-carbonico-cs","172":"pa_resistencia-r-dioxido-de-carbono-cs","173":"pa_resistencia-r-oxidos-sulfurosos-cs","174":"pa_resistencia-r-parafina-cs","175":"pa_resistencia-r-perborato-sodico-cs","176":"pa_resistencia-r-permanganatos-potasico-10-cs","177":"pa_resistencia-r-persulfato-de-amonio-cs","178":"pa_resistencia-r-cerveza-cs","179":"pa_resistencia-r-plomotetraetilo-cs","180":"pa_resistencia-r-sulfuro-de-hidrogeno-gaseoso-cs","181":"pa_resistencia-r-hipoclorito-de-sodio-sol-sat-cs","182":"pa_resistencia-r-anhidrido-sulfuroso-cs","183":"pa_resistencia-r-azufre-cs","184":"pa_resistencia-r-sulfuro-de-bario-cs","185":"pa_resistencia-r-cianuro-de-sodio-cs","186":"pa_resistencia-r-silicatos-sodicos-cs","187":"pa_resistencia-r-sodny-acetat","188":"pa_resistencia-r-tanino-cs","189":"pa_resistencia-r-jabones-liquidos-cs","190":"pa_resistencia-r-carbonato-de-amonio-cs","191":"pa_resistencia-r-carbonato-magnesico-cs","192":"pa_resistencia-r-carbonato-de-sodio-cs","193":"pa_resistencia-r-carbonato-calcico-cs","194":"pa_resistencia-r-vinos-cs","195":"pa_resistencia-r-voda","196":"pa_resistencia-r-peroxido-de-hidrogeno-30-vol-cs","197":"pa_resistencia-r-vzduch","198":"pa_resistencia-r-sulfuro-ferrico-cs","199":"pa_resistente-lr-acido-acetico-50-cs","200":"pa_resistente-lr-acido-formico-20-cs","201":"pa_resistente-lr-butylalkohol","202":"pa_resistente-lr-acido-cromico-10-cs","203":"pa_resistente-lr-formaldehido-40-cs","204":"pa_resistente-lr-acido-benzoico-cs","205":"pa_resistente-lr-acido-fluorhidrico-20-cs","206":"pa_resistente-lr-acido-fluorhidrico-30-cs","207":"pa_resistente-lr-acido-formico-10-cs","208":"pa_resistente-lr-acido-acetico-30-cs","209":"pa_resistente-lr-acido-acetico-80-cs","210":"pa_resistente-lr-olej-astm-1","211":"pa_resistente-lr-olej-astm-2","212":"pa_resistente-lr-olej-semena","213":"pa_resistente-lr-ozono-cs","214":"pa_resistente-lr-acido-sulfurico-50-cs","215":"pa_resistente-lr-gas-licuado-de-petroleo-glp-cs","216":"pa_resistente-nr-alcohol-etilico-96-cs","217":"pa_resistente-nr-acetaldehido-cs","218":"pa_resistente-nr-anhidrido-acetico-cs","219":"pa_resistente-nr-acetona-cs","220":"pa_resistente-nr-acetonitrilo-cs","221":"pa_resistente-nr-acido-cloroacetico-cs","222":"pa_resistente-nr-acido-clorosulfonico-conc-cs","223":"pa_resistente-nr-bromuro-de-alquilo-cs","224":"pa_resistente-nr-aldehidos-cs","225":"pa_resistente-nr-esteres-alifaticos-cs","226":"pa_resistente-nr-acetatos-de-alquilo-cs","227":"pa_resistente-nr-alcohol-alilico-2-propenol-1-cs","228":"pa_resistente-nr-amoniaco-gas-cs","229":"pa_resistente-nr-acetato-de-amilo-cs","230":"pa_resistente-nr-hidrocarburos-aromaticos-cs","231":"pa_resistente-nr-benzaldehido-cs","232":"pa_resistente-nr-benceno-cs","233":"pa_resistente-nr-alcohol-bencilico-cs","234":"pa_resistente-nr-bromo-cs","235":"pa_resistente-nr-butanodiol-100-cs","236":"pa_resistente-nr-cloro-100-gas-seco-cs","237":"pa_resistente-nr-cloruro-de-mercurio-cs","238":"pa_resistente-nr-cloroformo-cs","239":"pa_resistente-nr-cloroparafinas-c14-c17-cs","240":"pa_resistente-nr-disolventes-clorados-cs","241":"pa_resistente-nr-tetracloruro-de-carbono2-cs","242":"pa_resistente-nr-cicloalcanos-cs","243":"pa_resistente-nr-cicloalcoholes-cs","244":"pa_resistente-nr-ciclohexano-cs","245":"pa_resistente-nr-ciclohexanona-cs","246":"pa_resistente-nr-ciclocetonas-cs","247":"pa_resistente-nr-dietilcetona-cs","248":"pa_resistente-nr-dimetil-formamida-cs","249":"pa_resistente-nr-sebacato-de-dioctilo-cs","250":"pa_resistente-nr-dioxano-cs","251":"pa_resistente-nr-acido-nitrico-70-cs","252":"pa_resistente-nr-nitrito-sodico-cs","253":"pa_resistente-nr-acetato-de-etilo-cs","254":"pa_resistente-nr-acrilato-de-etilo-cs","255":"pa_resistente-nr-bromuro-de-etileno-cs","256":"pa_resistente-nr-fluoruro-cs","257":"pa_resistente-nr-acido-ftalico-cs","258":"pa_resistente-nr-hexano-cs","259":"pa_resistente-nr-hidracina-cs","260":"pa_resistente-nr-queroseno-cs","261":"pa_resistente-nr-cetonas-cs","262":"pa_resistente-nr-acido-acetico-conc-cs","263":"pa_resistente-nr-cresol-cs","264":"pa_resistente-nr-acido-nitrico-95-cs","265":"pa_resistente-nr-acido-fluorhidrico-40-cs","266":"pa_resistente-nr-acido-fluorhidrico-60-cs","267":"pa_resistente-nr-acido-formico-25-cs","268":"pa_resistente-nr-acido-formico-85-cs","269":"pa_resistente-nr-acido-formico-conc-cs","270":"pa_resistente-nr-acido-oleico-cs","271":"pa_resistente-nr-acido-sulfurico-conc-fuming-cs","272":"pa_resistente-nr-alcohol-etilico-max-conc-cs","273":"pa_resistente-nr-aceites-lubricantes-petroleo-cs","274":"pa_resistente-nr-aceite-mineral-cs","275":"pa_resistente-nr-urea-ad-blue-cs","276":"pa_resistente-nr-urea-30-cs","277":"pa_resistente-nr-gasoleo-y-biodiesel-cs","278":"pa_resistente-nr-aceite-astm-3-cs","279":"pa_resistente-nr-acido-peracetico-cs","280":"pa_resistente-nr-silicona-cs","281":"pa_resistente-nr-acido-sulfurico-70-cs","282":"pa_resistente-nr-acido-sulfurico-80-cs","283":"pa_resistente-nr-acido-sulfurico-96-cs","284":"pa_resistente-nr-acido-sulfurico-98-cs","285":"pa_resistente-nr-fuel-oil-cs","286":"pa_resistente-nr-trimelitato-de-trioctilo-totm-cs","287":"pa_resistente-nr-white-spirit-cs","288":"pa_resistente-sr-50-ethylalkohol","289":"pa_resistente-sr-ftalaty","290":"pa_resistente-sr-whisky-cs","291":"pa_superficie-exterior-vlnity","292":"pa_superficie-interior-vlnity","294":"first","295":"instock","296":"shipping-taxable","297":"product-type-variable"},"_links":{"self":[{"href":"https:\/\/www.espiroflex.com\/cs\/wp-json\/wp\/v2\/product\/24174","targetHints":{"allow":["GET"]}}],"collection":[{"href":"https:\/\/www.espiroflex.com\/cs\/wp-json\/wp\/v2\/product"}],"about":[{"href":"https:\/\/www.espiroflex.com\/cs\/wp-json\/wp\/v2\/types\/product"}],"wp:featuredmedia":[{"embeddable":true,"href":"https:\/\/www.espiroflex.com\/cs\/wp-json\/wp\/v2\/media\/6624"}],"wp:attachment":[{"href":"https:\/\/www.espiroflex.com\/cs\/wp-json\/wp\/v2\/media?parent=24174"}],"wp:term":[{"taxonomy":"product_brand","embeddable":true,"href":"https:\/\/www.espiroflex.com\/cs\/wp-json\/wp\/v2\/product_brand?post=24174"},{"taxonomy":"product_cat","embeddable":true,"href":"https:\/\/www.espiroflex.com\/cs\/wp-json\/wp\/v2\/product_cat?post=24174"},{"taxonomy":"product_tag","embeddable":true,"href":"https:\/\/www.espiroflex.com\/cs\/wp-json\/wp\/v2\/product_tag?post=24174"}],"curies":[{"name":"wp","href":"https:\/\/api.w.org\/{rel}","templated":true}]}}