{"id":24013,"date":"2025-07-22T17:26:55","date_gmt":"2025-07-22T15:26:55","guid":{"rendered":"https:\/\/www.espiroflex.com\/vacumflex\/"},"modified":"2025-11-25T12:42:48","modified_gmt":"2025-11-25T11:42:48","slug":"vacumflex","status":"publish","type":"product","link":"https:\/\/www.espiroflex.com\/cs\/produkt\/vacumflex\/","title":{"rendered":"VACUMFLEX"},"content":{"rendered":"<p>Potrub\u00ed z plastifikovan\u00e9ho PVC vyztu\u017een\u00e9 pozinkovanou ocelovou spir\u00e1lou, kter\u00e1 mu dod\u00e1v\u00e1 antistatick\u00e9 vlastnosti, vhodn\u00e9 pro instalace podl\u00e9haj\u00edc\u00ed norm\u011b ATEX a ur\u010den\u00e9 pro pr\u016fmyslov\u00e9 v\u011btr\u00e1n\u00ed s n\u00edzk\u00fdm obsahem abrazivn\u00edch l\u00e1tek. Velk\u00e1 flexibilita a n\u00edzk\u00e1 hmotnost. Dobr\u00e1 chemick\u00e1 odolnost, v souladu s tabulkou odolnosti PVC.<\/p>\n","protected":false},"excerpt":{"rendered":"<p>Potrub\u00ed z plastifikovan\u00e9ho PVC vyztu\u017een\u00e9 pozinkovanou ocelovou spir\u00e1lou, kter\u00e1 mu dod\u00e1v\u00e1 antistatick\u00e9 vlastnosti, vhodn\u00e9 pro instalace podl\u00e9haj\u00edc\u00ed norm\u011b ATEX a ur\u010den\u00e9 pro pr\u016fmyslov\u00e9 v\u011btr\u00e1n\u00ed s n\u00edzk\u00fdm obsahem abrazivn\u00edch l\u00e1tek. Velk\u00e1 flexibilita a n\u00edzk\u00e1 hmotnost. Dobr\u00e1 chemick\u00e1 odolnost, v souladu s tabulkou odolnosti PVC.<\/p>\n","protected":false},"featured_media":5781,"template":"","meta":[],"product_brand":[896],"product_cat":[3923,414,400,395,4920,419],"product_tag":[],"class_list":{"0":"post-24013","1":"product","2":"type-product","3":"status-publish","4":"has-post-thumbnail","6":"product_brand-vacumflex","7":"product_cat-prumyslove","8":"product_cat-prumyslove-pouziti","9":"product_cat-pvc-aeracni-hadice","10":"product_cat-pvc-hadice","11":"product_cat-vzduch","12":"product_cat-zemedelstvi","13":"pa_aplicaciones-prumyslove","14":"pa_aplicaciones-aspirace","15":"pa_aplicaciones-vetrani","16":"pa_color-cerna","17":"pa_construccion-manguera-spiralovity","18":"pa_diametro-interno-mm-40-0-cs","19":"pa_diametro-interno-mm-45-0-cs","20":"pa_diametro-interno-mm-51-0-cs","21":"pa_diametro-interno-mm-60-0-cs","22":"pa_diametro-interno-mm-70-0-cs","23":"pa_diametro-interno-mm-76-0-cs","24":"pa_diametro-interno-mm-80-0-cs","25":"pa_diametro-interno-mm-90-0-cs","26":"pa_diametro-interno-mm-102-0-cs","27":"pa_diametro-interno-mm-110-0-cs","28":"pa_diametro-interno-mm-120-0-cs","29":"pa_diametro-interno-mm-127-0-cs","30":"pa_diametro-interno-mm-130-0-cs","31":"pa_diametro-interno-mm-140-0-cs","32":"pa_diametro-interno-mm-150-0-cs","33":"pa_diametro-interno-mm-160-0-cs","34":"pa_diametro-interno-mm-170-0-cs","35":"pa_diametro-interno-mm-180-0-cs","36":"pa_diametro-interno-mm-203-0-cs","37":"pa_diametro-interno-mm-254-0-cs","38":"pa_diametro-interno-mm-305-0-cs","39":"pa_diametro-interno-mm-350-0-cs","40":"pa_diametro-interno-mm-400-0-cs","41":"pa_diametro-interno-mm-450-0-cs","42":"pa_diametro-interno-mm-500-0-cs","43":"pa_diametro-interno-mm-600-0-cs","44":"pa_diametro-interno-pulg-1-3-4-cs","45":"pa_diametro-interno-pulg-1-5-8-cs","46":"pa_diametro-interno-pulg-10-cs","47":"pa_diametro-interno-pulg-2-cs","48":"pa_diametro-interno-pulg-2-3-4-cs","49":"pa_diametro-interno-pulg-3-cs","50":"pa_diametro-interno-pulg-3-1-2-cs","51":"pa_diametro-interno-pulg-3-1-8-cs","52":"pa_diametro-interno-pulg-4-cs","53":"pa_diametro-interno-pulg-4-5-16-cs","54":"pa_diametro-interno-pulg-5-cs","55":"pa_diametro-interno-pulg-6-cs","56":"pa_diametro-interno-pulg-12-cs","57":"pa_diametro-interno-pulg-14-cs","58":"pa_diametro-interno-pulg-16-cs","59":"pa_diametro-interno-pulg-18-cs","60":"pa_diametro-interno-pulg-2-1-4-cs","61":"pa_diametro-interno-pulg-20-cs","62":"pa_diametro-interno-pulg-24-cs","63":"pa_diametro-interno-pulg-4-3-4-cs","64":"pa_diametro-interno-pulg-5-1-2-cs","65":"pa_diametro-interno-pulg-5-1-4-cs","66":"pa_diametro-interno-pulg-6-1-4-cs","67":"pa_diametro-interno-pulg-6-3-4-cs","68":"pa_diametro-interno-pulg-7-cs","69":"pa_diametro-interno-pulg-8-3-4-cs","70":"pa_material-flexible-mekke-pvc","71":"pa_material-manguera-pvc-cs","72":"pa_opacidad-nepruhledny","73":"pa_presion-rotura-bar-10-0-cs","74":"pa_refuerzo-pozinkovana-ocel","75":"pa_resistencia-r-10-ethylalkohol","76":"pa_resistencia-r-40-ethylalkohol","77":"pa_resistencia-r-acetat-vapenaty","78":"pa_resistencia-r-kyselina-stavelova","79":"pa_resistencia-r-acido-sulfurico-25-cs","80":"pa_resistencia-r-sulfuro-de-amonio-cs","81":"pa_resistencia-r-nitrato-de-amonio-sol-sat-cs","82":"pa_resistencia-r-amylalkohol","83":"pa_resistencia-r-tricloruro-de-antimonio-cs","84":"pa_resistencia-r-bisulfato-sodico-cs","85":"pa_resistencia-r-bisulfato-calcico-cs","86":"pa_resistencia-r-bisulfatos-y-bisulfatos-met-cs","87":"pa_resistencia-r-borax-5-cs","88":"pa_resistencia-r-borax-conc-cs","89":"pa_resistencia-r-hipoclorito-de-sodio-14-cl2-cs","90":"pa_resistencia-r-hipoclorito-de-sodio-15-cl2-cs","91":"pa_resistencia-r-cloruro-de-sodio-20-cs","92":"pa_resistencia-r-cloruro-de-sodio-25-cs","93":"pa_resistencia-r-hipoclorito-de-calcio-cs","94":"pa_resistencia-r-cloruro-de-calcio-20-cs","95":"pa_resistencia-r-cloruro-de-calcio-25-cs","96":"pa_resistencia-r-cloruro-de-calcio-sol-sat-cs","97":"pa_resistencia-r-cloruro-ferrico-cs","98":"pa_resistencia-r-cloruro-de-zinc-20-cs","99":"pa_resistencia-r-dextrina-cs","100":"pa_resistencia-r-dextrosa-cs","101":"pa_resistencia-r-dicromato-de-potasio-40-cs","102":"pa_resistencia-r-dicromato-de-potasio-todas-conc-cs","103":"pa_resistencia-r-dodecanol-cs","104":"pa_resistencia-r-nitrato-sodico-cs","105":"pa_resistencia-r-potasio-cs","106":"pa_resistencia-r-nitrato-de-amonio-25-cs","107":"pa_resistencia-r-emulsionantes-cs","108":"pa_resistencia-r-ethylalkohol-35","109":"pa_resistencia-r-glicol-de-etileno-cs","110":"pa_resistencia-r-formaldehido-30-cs","111":"pa_resistencia-r-formaldehido-37-cs","112":"pa_resistencia-r-fructosa-cs","113":"pa_resistencia-r-glicerina-cs","114":"pa_resistencia-r-glicerol-cs","115":"pa_resistencia-r-acetato-de-aluminio-cs","116":"pa_resistencia-r-silicatos-aluminicos-cs","117":"pa_resistencia-r-hidroquinona-cs","118":"pa_resistencia-r-hidroxido-de-amonio-10-cs","119":"pa_resistencia-r-hidroxido-de-amonio-25-cs","120":"pa_resistencia-r-hidroxido-de-amonio-28-cs","121":"pa_resistencia-r-hidroxido-de-amonio-5-cs","122":"pa_resistencia-r-hidroxido-de-potasio-10-cs","123":"pa_resistencia-r-hidroxido-de-potasio-5-cs","124":"pa_resistencia-r-hidroxido-de-potasio-50-cs","125":"pa_resistencia-r-hidroxido-de-potasio-conc-cs","126":"pa_resistencia-r-hidroxido-de-aluminio-cs","127":"pa_resistencia-r-hidroxido-de-sodio-sosa-10-cs","128":"pa_resistencia-r-hidroxido-de-sodio-sosa-20-cs","129":"pa_resistencia-r-hidroxido-de-sodio-sosa-5-cs","130":"pa_resistencia-r-hidroxido-de-calcio-cs","131":"pa_resistencia-r-isobutylalkohol","132":"pa_resistencia-r-isopropylalkohol","133":"pa_resistencia-r-sidra-cs","134":"pa_resistencia-r-silicatos-potasicos-cs","135":"pa_resistencia-r-alumbre-cs","136":"pa_resistencia-r-caseina-cs","137":"pa_resistencia-r-acido-borico-conc-cs","138":"pa_resistencia-r-acido-clorhidrico-conc-cs","139":"pa_resistencia-r-acido-carbonico-conc-cs","140":"pa_resistencia-r-detergentes-concentrados-cs","141":"pa_resistencia-r-cloruro-de-sodio-conc-cs","142":"pa_resistencia-r-cloruro-de-zinc-conc-cs","143":"pa_resistencia-r-acido-clorhidrico-10-cs","144":"pa_resistencia-r-acido-clorhidrico-20-cs","145":"pa_resistencia-r-acido-clorhidrico-22-cs","146":"pa_resistencia-r-acido-clorhidrico-5-cs","147":"pa_resistencia-r-acido-sulfurico-20-cs","148":"pa_resistencia-r-acido-sulfurico-5-cs","149":"pa_resistencia-r-acido-adipico-cs","150":"pa_resistencia-r-acido-borico-10-cs","151":"pa_resistencia-r-acido-borico-5-cs","152":"pa_resistencia-r-acido-bromhidrico-sol-acu-30-cs","153":"pa_resistencia-r-acido-bromhidrico-sol-acu-50-cs","154":"pa_resistencia-r-acido-cromico-5-cs","155":"pa_resistencia-r-acido-citrico-5-cs","156":"pa_resistencia-r-acido-nitrico-10-cs","157":"pa_resistencia-r-acido-nitrico-20-cs","158":"pa_resistencia-r-acido-nitrico-30-cs","159":"pa_resistencia-r-acido-nitrico-5-cs","160":"pa_resistencia-r-acido-nitrico-50-cs","161":"pa_resistencia-r-acido-fluorhidrico-4-cs","162":"pa_resistencia-r-acido-fosforico-20-cs","163":"pa_resistencia-r-acido-fosforico-30-cs","164":"pa_resistencia-r-acido-fosforico-5-cs","165":"pa_resistencia-r-acido-hiplocoroso-20-cs","166":"pa_resistencia-r-acido-hiplocoroso-sol-acu-conc-cs","167":"pa_resistencia-r-acido-lactico-sol-acu-10-cs","168":"pa_resistencia-r-acido-lactico-sol-acu-3-cs","169":"pa_resistencia-r-acido-acetico-10-cs","170":"pa_resistencia-r-acido-acetico-3-cs","171":"pa_resistencia-r-acido-acetico-5-cs","172":"pa_resistencia-r-acido-estearico-cs","173":"pa_resistencia-r-acido-carbonico-5-cs","174":"pa_resistencia-r-oxigeno-cs","175":"pa_resistencia-r-lanolina-cs","176":"pa_resistencia-r-manganato-potasico-cs","177":"pa_resistencia-r-acido-butirico-20-cs","178":"pa_resistencia-r-acidos-grasos-c6-cs","179":"pa_resistencia-r-methylalkohol-5","180":"pa_resistencia-r-methylalkohol-6","181":"pa_resistencia-r-morska-voda","182":"pa_resistencia-r-nitrogeno-cs","183":"pa_resistencia-r-vinagre-cs","184":"pa_resistencia-r-anhidrido-carbonico-cs","185":"pa_resistencia-r-dioxido-de-carbono-cs","186":"pa_resistencia-r-oxidos-sulfurosos-cs","187":"pa_resistencia-r-parafina-cs","188":"pa_resistencia-r-perborato-sodico-cs","189":"pa_resistencia-r-permanganatos-potasico-10-cs","190":"pa_resistencia-r-persulfato-de-amonio-cs","191":"pa_resistencia-r-cerveza-cs","192":"pa_resistencia-r-plomotetraetilo-cs","193":"pa_resistencia-r-sulfuro-de-hidrogeno-gaseoso-cs","194":"pa_resistencia-r-hipoclorito-de-sodio-sol-sat-cs","195":"pa_resistencia-r-anhidrido-sulfuroso-cs","196":"pa_resistencia-r-azufre-cs","197":"pa_resistencia-r-sulfuro-de-bario-cs","198":"pa_resistencia-r-cianuro-de-sodio-cs","199":"pa_resistencia-r-silicatos-sodicos-cs","200":"pa_resistencia-r-sodny-acetat","201":"pa_resistencia-r-tanino-cs","202":"pa_resistencia-r-jabones-liquidos-cs","203":"pa_resistencia-r-carbonato-de-amonio-cs","204":"pa_resistencia-r-carbonato-magnesico-cs","205":"pa_resistencia-r-carbonato-de-sodio-cs","206":"pa_resistencia-r-carbonato-calcico-cs","207":"pa_resistencia-r-vinos-cs","208":"pa_resistencia-r-voda","209":"pa_resistencia-r-peroxido-de-hidrogeno-30-vol-cs","210":"pa_resistencia-r-vzduch","211":"pa_resistencia-r-sulfuro-ferrico-cs","212":"pa_resistente-lr-acido-acetico-50-cs","213":"pa_resistente-lr-acido-formico-20-cs","214":"pa_resistente-lr-butylalkohol","215":"pa_resistente-lr-acido-cromico-10-cs","216":"pa_resistente-lr-formaldehido-40-cs","217":"pa_resistente-lr-acido-benzoico-cs","218":"pa_resistente-lr-acido-fluorhidrico-20-cs","219":"pa_resistente-lr-acido-fluorhidrico-30-cs","220":"pa_resistente-lr-acido-formico-10-cs","221":"pa_resistente-lr-acido-acetico-30-cs","222":"pa_resistente-lr-acido-acetico-80-cs","223":"pa_resistente-lr-olej-astm-1","224":"pa_resistente-lr-olej-astm-2","225":"pa_resistente-lr-olej-semena","226":"pa_resistente-lr-ozono-cs","227":"pa_resistente-lr-acido-sulfurico-50-cs","228":"pa_resistente-lr-gas-licuado-de-petroleo-glp-cs","229":"pa_resistente-nr-alcohol-etilico-96-cs","230":"pa_resistente-nr-acetaldehido-cs","231":"pa_resistente-nr-anhidrido-acetico-cs","232":"pa_resistente-nr-acetona-cs","233":"pa_resistente-nr-acetonitrilo-cs","234":"pa_resistente-nr-acido-cloroacetico-cs","235":"pa_resistente-nr-acido-clorosulfonico-conc-cs","236":"pa_resistente-nr-bromuro-de-alquilo-cs","237":"pa_resistente-nr-aldehidos-cs","238":"pa_resistente-nr-esteres-alifaticos-cs","239":"pa_resistente-nr-acetatos-de-alquilo-cs","240":"pa_resistente-nr-alcohol-alilico-2-propenol-1-cs","241":"pa_resistente-nr-amoniaco-gas-cs","242":"pa_resistente-nr-acetato-de-amilo-cs","243":"pa_resistente-nr-hidrocarburos-aromaticos-cs","244":"pa_resistente-nr-benzaldehido-cs","245":"pa_resistente-nr-benceno-cs","246":"pa_resistente-nr-alcohol-bencilico-cs","247":"pa_resistente-nr-bromo-cs","248":"pa_resistente-nr-butanodiol-100-cs","249":"pa_resistente-nr-cloro-100-gas-seco-cs","250":"pa_resistente-nr-cloruro-de-mercurio-cs","251":"pa_resistente-nr-cloroformo-cs","252":"pa_resistente-nr-cloroparafinas-c14-c17-cs","253":"pa_resistente-nr-disolventes-clorados-cs","254":"pa_resistente-nr-tetracloruro-de-carbono2-cs","255":"pa_resistente-nr-cicloalcanos-cs","256":"pa_resistente-nr-cicloalcoholes-cs","257":"pa_resistente-nr-ciclohexano-cs","258":"pa_resistente-nr-ciclohexanona-cs","259":"pa_resistente-nr-ciclocetonas-cs","260":"pa_resistente-nr-dietilcetona-cs","261":"pa_resistente-nr-dimetil-formamida-cs","262":"pa_resistente-nr-sebacato-de-dioctilo-cs","263":"pa_resistente-nr-dioxano-cs","264":"pa_resistente-nr-acido-nitrico-70-cs","265":"pa_resistente-nr-nitrito-sodico-cs","266":"pa_resistente-nr-acetato-de-etilo-cs","267":"pa_resistente-nr-acrilato-de-etilo-cs","268":"pa_resistente-nr-bromuro-de-etileno-cs","269":"pa_resistente-nr-fluoruro-cs","270":"pa_resistente-nr-acido-ftalico-cs","271":"pa_resistente-nr-hexano-cs","272":"pa_resistente-nr-hidracina-cs","273":"pa_resistente-nr-queroseno-cs","274":"pa_resistente-nr-cetonas-cs","275":"pa_resistente-nr-acido-acetico-conc-cs","276":"pa_resistente-nr-cresol-cs","277":"pa_resistente-nr-acido-nitrico-95-cs","278":"pa_resistente-nr-acido-fluorhidrico-40-cs","279":"pa_resistente-nr-acido-fluorhidrico-60-cs","280":"pa_resistente-nr-acido-formico-25-cs","281":"pa_resistente-nr-acido-formico-85-cs","282":"pa_resistente-nr-acido-formico-conc-cs","283":"pa_resistente-nr-acido-oleico-cs","284":"pa_resistente-nr-acido-sulfurico-conc-fuming-cs","285":"pa_resistente-nr-alcohol-etilico-max-conc-cs","286":"pa_resistente-nr-aceites-lubricantes-petroleo-cs","287":"pa_resistente-nr-aceite-mineral-cs","288":"pa_resistente-nr-urea-ad-blue-cs","289":"pa_resistente-nr-urea-30-cs","290":"pa_resistente-nr-gasoleo-y-biodiesel-cs","291":"pa_resistente-nr-aceite-astm-3-cs","292":"pa_resistente-nr-acido-peracetico-cs","293":"pa_resistente-nr-silicona-cs","294":"pa_resistente-nr-acido-sulfurico-70-cs","295":"pa_resistente-nr-acido-sulfurico-80-cs","296":"pa_resistente-nr-acido-sulfurico-96-cs","297":"pa_resistente-nr-acido-sulfurico-98-cs","298":"pa_resistente-nr-fuel-oil-cs","299":"pa_resistente-nr-trimelitato-de-trioctilo-totm-cs","300":"pa_resistente-nr-white-spirit-cs","301":"pa_resistente-sr-50-ethylalkohol","302":"pa_resistente-sr-ftalaty","303":"pa_resistente-sr-whisky-cs","304":"pa_superficie-exterior-drsny","305":"pa_superficie-interior-drsny","306":"pa_temperatura-maxima-oc-60c-cs","307":"pa_temperatura-minima-oc-10c-cs","308":"pa_vacio-m-h2o-0-2-cs","309":"pa_vacio-m-h2o-0-5-cs","310":"pa_vacio-m-h2o-1-0-cs","311":"pa_vacio-m-h2o-1-2-cs","312":"pa_vacio-m-h2o-2-5-cs","313":"pa_vacio-m-h2o-3-0-cs","315":"first","316":"instock","317":"shipping-taxable","318":"product-type-variable"},"_links":{"self":[{"href":"https:\/\/www.espiroflex.com\/cs\/wp-json\/wp\/v2\/product\/24013","targetHints":{"allow":["GET"]}}],"collection":[{"href":"https:\/\/www.espiroflex.com\/cs\/wp-json\/wp\/v2\/product"}],"about":[{"href":"https:\/\/www.espiroflex.com\/cs\/wp-json\/wp\/v2\/types\/product"}],"wp:featuredmedia":[{"embeddable":true,"href":"https:\/\/www.espiroflex.com\/cs\/wp-json\/wp\/v2\/media\/5781"}],"wp:attachment":[{"href":"https:\/\/www.espiroflex.com\/cs\/wp-json\/wp\/v2\/media?parent=24013"}],"wp:term":[{"taxonomy":"product_brand","embeddable":true,"href":"https:\/\/www.espiroflex.com\/cs\/wp-json\/wp\/v2\/product_brand?post=24013"},{"taxonomy":"product_cat","embeddable":true,"href":"https:\/\/www.espiroflex.com\/cs\/wp-json\/wp\/v2\/product_cat?post=24013"},{"taxonomy":"product_tag","embeddable":true,"href":"https:\/\/www.espiroflex.com\/cs\/wp-json\/wp\/v2\/product_tag?post=24013"}],"curies":[{"name":"wp","href":"https:\/\/api.w.org\/{rel}","templated":true}]}}