{"id":23892,"date":"2025-07-22T17:23:10","date_gmt":"2025-11-20T07:51:54","guid":{"rendered":"https:\/\/www.espiroflex.com\/espiroair-ul94-v\/"},"modified":"2025-11-25T12:48:45","modified_gmt":"2025-11-25T11:48:45","slug":"espiroair-ul94-v","status":"publish","type":"product","link":"https:\/\/www.espiroflex.com\/cs\/produkt\/espiroair-ul94-v\/","title":{"rendered":"ESPIROAIR UL94 V"},"content":{"rendered":"<p>Trubka z Flexibiln\u00edho PVC vyztu\u017een\u00e1 spir\u00e1lou z tvrd\u00e9ho PVC odoln\u00e9ho proti n\u00e1raz\u016fm, ur\u010den\u00e1 pro s\u00e1n\u00ed, veden\u00ed plyn\u016f a pr\u016fmyslovou ventilaci. Velmi flexibiln\u00ed (polom\u011br ohybu = vnit\u0159n\u00ed pr\u016fm\u011br) a lehk\u00e1. Dobr\u00e1 chemick\u00e1 odolnost v souladu s tabulkou odolnost\u00ed PVC.<\/p>\n","protected":false},"excerpt":{"rendered":"<p>Trubka z Flexibiln\u00edho PVC vyztu\u017een\u00e1 spir\u00e1lou z tvrd\u00e9ho PVC odoln\u00e9ho proti n\u00e1raz\u016fm, ur\u010den\u00e1 pro s\u00e1n\u00ed, veden\u00ed plyn\u016f a pr\u016fmyslovou ventilaci. Velmi flexibiln\u00ed (polom\u011br ohybu = vnit\u0159n\u00ed pr\u016fm\u011br) a lehk\u00e1. Dobr\u00e1 chemick\u00e1 odolnost v souladu s tabulkou odolnost\u00ed PVC.<\/p>\n","protected":false},"featured_media":5701,"template":"","meta":[],"product_brand":[422],"product_cat":[3923,418,414,400,395,4920,419],"product_tag":[],"class_list":{"0":"post-23892","1":"product","2":"type-product","3":"status-publish","4":"has-post-thumbnail","6":"product_brand-espiroair","7":"product_cat-prumyslove","8":"product_cat-drevozpracovani","9":"product_cat-prumyslove-pouziti","10":"product_cat-pvc-aeracni-hadice","11":"product_cat-pvc-hadice","12":"product_cat-vzduch","13":"product_cat-zemedelstvi","14":"pa_aplicaciones-prumyslove","15":"pa_aplicaciones-aspirace","16":"pa_aplicaciones-vetrani","17":"pa_color-seda","18":"pa_construccion-manguera-spiralovity","19":"pa_diametro-interno-mm-15-0-cs","20":"pa_diametro-interno-mm-20-0-cs","21":"pa_diametro-interno-mm-25-0-cs","22":"pa_diametro-interno-mm-30-0-cs","23":"pa_diametro-interno-mm-32-0-cs","24":"pa_diametro-interno-mm-35-0-cs","25":"pa_diametro-interno-mm-38-0-cs","26":"pa_diametro-interno-mm-40-0-cs","27":"pa_diametro-interno-mm-45-0-cs","28":"pa_diametro-interno-mm-51-0-cs","29":"pa_diametro-interno-mm-60-0-cs","30":"pa_diametro-interno-mm-63-0-cs","31":"pa_diametro-interno-mm-70-0-cs","32":"pa_diametro-interno-mm-76-0-cs","33":"pa_diametro-interno-mm-80-0-cs","34":"pa_diametro-interno-mm-90-0-cs","35":"pa_diametro-interno-mm-102-0-cs","36":"pa_diametro-interno-mm-110-0-cs","37":"pa_diametro-interno-mm-120-0-cs","38":"pa_diametro-interno-mm-127-0-cs","39":"pa_diametro-interno-mm-130-0-cs","40":"pa_diametro-interno-mm-140-0-cs","41":"pa_diametro-interno-mm-150-0-cs","42":"pa_diametro-interno-mm-160-0-cs","43":"pa_diametro-interno-mm-180-0-cs","44":"pa_diametro-interno-mm-203-0-cs","45":"pa_diametro-interno-mm-254-0-cs","46":"pa_diametro-interno-mm-305-0-cs","47":"pa_diametro-interno-pulg-1-3-4-cs","48":"pa_diametro-interno-pulg-1-5-8-cs","49":"pa_diametro-interno-pulg-10-cs","50":"pa_diametro-interno-pulg-2-cs","51":"pa_diametro-interno-pulg-2-1-2-cs","52":"pa_diametro-interno-pulg-2-3-4-cs","53":"pa_diametro-interno-pulg-3-cs","54":"pa_diametro-interno-pulg-3-1-2-cs","55":"pa_diametro-interno-pulg-3-1-8-cs","56":"pa_diametro-interno-pulg-4-cs","57":"pa_diametro-interno-pulg-4-5-16-cs","58":"pa_diametro-interno-pulg-5-cs","59":"pa_diametro-interno-pulg-6-cs","60":"pa_diametro-interno-pulg-8-cs","61":"pa_diametro-interno-pulg-1-cs","62":"pa_diametro-interno-pulg-1-1-2-cs","63":"pa_diametro-interno-pulg-1-1-4-cs","64":"pa_diametro-interno-pulg-1-1-8-cs","65":"pa_diametro-interno-pulg-1-3-8-cs","66":"pa_diametro-interno-pulg-12-cs","67":"pa_diametro-interno-pulg-2-1-4-cs","68":"pa_diametro-interno-pulg-3-4-cs","69":"pa_diametro-interno-pulg-4-3-4-cs","70":"pa_diametro-interno-pulg-5-1-2-cs","71":"pa_diametro-interno-pulg-5-1-4-cs","72":"pa_diametro-interno-pulg-5-8-cs","73":"pa_diametro-interno-pulg-6-1-4-cs","74":"pa_diametro-interno-pulg-7-cs","75":"pa_material-flexible-flexibilni-pvc","76":"pa_material-manguera-pvc-cs","77":"pa_opacidad-nepruhledny","78":"pa_presion-rotura-bar-10-0-cs","79":"pa_presion-rotura-bar-20-0-cs","80":"pa_presion-rotura-bar-30-0-cs","81":"pa_presion-rotura-bar-50-0-cs-2","82":"pa_refuerzo-pvc-rigido-cs","83":"pa_superficie-exterior-drsny","84":"pa_superficie-interior-hladky","85":"pa_temperatura-maxima-oc-60c-cs","86":"pa_temperatura-minima-oc-10c-cs","87":"pa_vacio-m-h2o-4-0-cs","88":"pa_vacio-m-h2o-5-0-cs","90":"first","91":"instock","92":"shipping-taxable","93":"product-type-variable"},"_links":{"self":[{"href":"https:\/\/www.espiroflex.com\/cs\/wp-json\/wp\/v2\/product\/23892","targetHints":{"allow":["GET"]}}],"collection":[{"href":"https:\/\/www.espiroflex.com\/cs\/wp-json\/wp\/v2\/product"}],"about":[{"href":"https:\/\/www.espiroflex.com\/cs\/wp-json\/wp\/v2\/types\/product"}],"wp:featuredmedia":[{"embeddable":true,"href":"https:\/\/www.espiroflex.com\/cs\/wp-json\/wp\/v2\/media\/5701"}],"wp:attachment":[{"href":"https:\/\/www.espiroflex.com\/cs\/wp-json\/wp\/v2\/media?parent=23892"}],"wp:term":[{"taxonomy":"product_brand","embeddable":true,"href":"https:\/\/www.espiroflex.com\/cs\/wp-json\/wp\/v2\/product_brand?post=23892"},{"taxonomy":"product_cat","embeddable":true,"href":"https:\/\/www.espiroflex.com\/cs\/wp-json\/wp\/v2\/product_cat?post=23892"},{"taxonomy":"product_tag","embeddable":true,"href":"https:\/\/www.espiroflex.com\/cs\/wp-json\/wp\/v2\/product_tag?post=23892"}],"curies":[{"name":"wp","href":"https:\/\/api.w.org\/{rel}","templated":true}]}}