{"id":23749,"date":"2025-07-22T17:24:57","date_gmt":"2025-11-20T06:55:10","guid":{"rendered":"https:\/\/www.espiroflex.com\/espiro-pu-et\/"},"modified":"2025-11-25T11:49:50","modified_gmt":"2025-11-25T10:49:50","slug":"espiro-pu-et","status":"publish","type":"product","link":"https:\/\/www.espiroflex.com\/cs\/produkt\/espiro-pu-et\/","title":{"rendered":"ESPIRO PU ET"},"content":{"rendered":"<p>Trubka z pr\u016fhledn\u00e9ho polyuretanu s polyetherovou z\u00e1kladnou, vyztu\u017een\u00e1 spir\u00e1lou z tvrd\u00e9ho PVC odoln\u00e9ho proti n\u00e1raz\u016fm pro s\u00e1n\u00ed a v\u00fdtlak abrazivn\u00edch materi\u00e1l\u016f. Velmi flexibiln\u00ed (polom\u011br ohybu = vnit\u0159n\u00ed pr\u016fm\u011br). Velmi lehk\u00e1. Velmi odoln\u00e1 proti od\u011bru, vlhkosti a mikroorganism\u016fm. Dobr\u00e1 chemick\u00e1 odolnost v souladu s tabulkou odolnost\u00ed PU. Mo\u017enost v\u00fdroby s polyesterovou z\u00e1kladnou na objedn\u00e1vku.<\/p>\n","protected":false},"excerpt":{"rendered":"<p>Trubka z pr\u016fhledn\u00e9ho polyuretanu s polyetherovou z\u00e1kladnou, vyztu\u017een\u00e1 spir\u00e1lou z tvrd\u00e9ho PVC odoln\u00e9ho proti n\u00e1raz\u016fm pro s\u00e1n\u00ed a v\u00fdtlak abrazivn\u00edch materi\u00e1l\u016f. Velmi flexibiln\u00ed (polom\u011br ohybu = vnit\u0159n\u00ed pr\u016fm\u011br). Velmi lehk\u00e1. Velmi odoln\u00e1 proti od\u011bru, vlhkosti a mikroorganism\u016fm. Dobr\u00e1 chemick\u00e1 odolnost v souladu s tabulkou odolnost\u00ed PU. Mo\u017enost v\u00fdroby s polyesterovou z\u00e1kladnou na objedn\u00e1vku.<\/p>\n","protected":false},"featured_media":5717,"template":"","meta":[],"product_brand":[752],"product_cat":[3923,418,406,415,420,414,407,400,396,4920,419],"product_tag":[],"class_list":{"0":"post-23749","1":"product","2":"type-product","3":"status-publish","4":"has-post-thumbnail","6":"product_brand-espiro-p-u","7":"product_cat-prumyslove","8":"product_cat-drevozpracovani","9":"product_cat-pu-hadice","10":"product_cat-peletovy","11":"product_cat-potravinarstvi","12":"product_cat-prumyslove-pouziti","13":"product_cat-pu-sani-abraziv","14":"product_cat-pvc-aeracni-hadice","15":"product_cat-pvc-sani-abraziv","16":"product_cat-vzduch","17":"product_cat-zemedelstvi","18":"pa_aplicaciones-prumyslove","19":"pa_aplicaciones-agricultural","20":"pa_aplicaciones-aspirace","21":"pa_aplicaciones-pelety","22":"pa_aplicaciones-potravinarsky","23":"pa_color-seda","24":"pa_construccion-manguera-spiralovity","25":"pa_diametro-interno-mm-32-0-cs","26":"pa_diametro-interno-mm-35-0-cs","27":"pa_diametro-interno-mm-38-0-cs","28":"pa_diametro-interno-mm-40-0-cs","29":"pa_diametro-interno-mm-45-0-cs","30":"pa_diametro-interno-mm-51-0-cs","31":"pa_diametro-interno-mm-60-0-cs","32":"pa_diametro-interno-mm-63-0-cs","33":"pa_diametro-interno-mm-70-0-cs","34":"pa_diametro-interno-mm-76-0-cs","35":"pa_diametro-interno-mm-80-0-cs","36":"pa_diametro-interno-mm-90-0-cs","37":"pa_diametro-interno-mm-102-0-cs","38":"pa_diametro-interno-mm-110-0-cs","39":"pa_diametro-interno-mm-120-0-cs","40":"pa_diametro-interno-mm-127-0-cs","41":"pa_diametro-interno-mm-130-0-cs","42":"pa_diametro-interno-mm-140-0-cs","43":"pa_diametro-interno-mm-152-0-cs","44":"pa_diametro-interno-mm-160-0-cs","45":"pa_diametro-interno-mm-170-0-cs","46":"pa_diametro-interno-mm-180-0-cs","47":"pa_diametro-interno-mm-203-0-cs","48":"pa_diametro-interno-mm-254-0-cs","49":"pa_diametro-interno-mm-305-0-cs","50":"pa_diametro-interno-pulg-1-3-4-cs","51":"pa_diametro-interno-pulg-10-cs","52":"pa_diametro-interno-pulg-2-cs","53":"pa_diametro-interno-pulg-2-3-4-cs","54":"pa_diametro-interno-pulg-3-cs","55":"pa_diametro-interno-pulg-3-1-2-cs","56":"pa_diametro-interno-pulg-3-1-8-cs","57":"pa_diametro-interno-pulg-4-cs","58":"pa_diametro-interno-pulg-4-5-16-cs","59":"pa_diametro-interno-pulg-5-cs","60":"pa_diametro-interno-pulg-6-cs","61":"pa_diametro-interno-pulg-8-cs","62":"pa_diametro-interno-pulg-1-1-4-cs","63":"pa_diametro-interno-pulg-1-1-5-cs","64":"pa_diametro-interno-pulg-1-3-8-cs","65":"pa_diametro-interno-pulg-12-cs","66":"pa_diametro-interno-pulg-2-1-2-2-cs","67":"pa_diametro-interno-pulg-2-1-4-cs","68":"pa_diametro-interno-pulg-4-3-4-cs","69":"pa_diametro-interno-pulg-5-1-2-cs","70":"pa_diametro-interno-pulg-5-1-4-cs","71":"pa_diametro-interno-pulg-6-1-4-cs","72":"pa_diametro-interno-pulg-6-3-4-cs","73":"pa_diametro-interno-pulg-7-cs","74":"pa_material-flexible-poliuretan","75":"pa_material-manguera-tpu-cs","76":"pa_opacidad-pruhledny","77":"pa_presion-rotura-bar-10-0-cs","78":"pa_presion-rotura-bar-20-0-cs","79":"pa_presion-rotura-bar-30-0-cs","80":"pa_refuerzo-pvc-rigido-cs","81":"pa_resistencia-r-borax-5-cs","82":"pa_resistencia-r-cloruro-de-calcio-20-cs","83":"pa_resistencia-r-cloruro-de-calcio-25-cs","84":"pa_resistencia-r-cloruro-ferrico-cs","85":"pa_resistencia-r-dicromato-de-potasio-40-cs","86":"pa_resistencia-r-dicromato-de-potasio-todas-conc-cs","87":"pa_resistencia-r-nitrato-sodico-cs","88":"pa_resistencia-r-potasio-cs","89":"pa_resistencia-r-nitrato-de-amonio-25-cs","90":"pa_resistencia-r-glicol-de-etileno-cs","91":"pa_resistencia-r-glicerina-cs","92":"pa_resistencia-r-silicatos-aluminicos-cs","93":"pa_resistencia-r-hidroxido-de-potasio-5-cs","94":"pa_resistencia-r-hidroxido-de-sodio-sosa-5-cs","95":"pa_resistencia-r-sidra-cs","96":"pa_resistencia-r-silicatos-potasicos-cs","97":"pa_resistencia-r-alumbre-cs","98":"pa_resistencia-r-detergentes-concentrados-cs","99":"pa_resistencia-r-acido-clorhidrico-5-cs","100":"pa_resistencia-r-acido-sulfurico-5-cs","101":"pa_resistencia-r-acido-borico-5-cs","102":"pa_resistencia-r-acido-cromico-5-cs","103":"pa_resistencia-r-acido-citrico-5-cs","104":"pa_resistencia-r-acido-lactico-sol-acu-10-cs","105":"pa_resistencia-r-acido-acetico-3-cs","106":"pa_resistencia-r-acido-carbonico-5-cs","107":"pa_resistencia-r-oxigeno-cs","108":"pa_resistencia-r-manganato-potasico-cs","109":"pa_resistencia-r-morska-voda","110":"pa_resistencia-r-nitrogeno-cs","111":"pa_resistencia-r-dioxido-de-carbono-cs","112":"pa_resistencia-r-anhidrido-carbonico-cs","113":"pa_resistencia-r-oxidos-sulfurosos-cs","114":"pa_resistencia-r-parafina-cs","115":"pa_resistencia-r-perborato-sodico-cs","116":"pa_resistencia-r-cerveza-cs","117":"pa_resistencia-r-plomotetraetilo-cs","118":"pa_resistencia-r-azufre-cs","119":"pa_resistencia-r-sulfuro-de-bario-cs","120":"pa_resistencia-r-cianuro-de-sodio-cs","121":"pa_resistencia-r-silicatos-sodicos-cs","122":"pa_resistencia-r-carbonato-magnesico-cs","123":"pa_resistencia-r-carbonato-de-sodio-cs","124":"pa_resistencia-r-carbonato-calcico-cs","125":"pa_resistencia-r-voda","126":"pa_resistencia-r-vzduch","127":"pa_resistencia-r-sulfuro-ferrico-cs","128":"pa_resistencia-r-50-dusicnan-vapenaty","129":"pa_resistencia-r-acetamid","130":"pa_resistencia-r-aceton","131":"pa_resistencia-r-amoniak-gaz","132":"pa_resistencia-r-belidlo-slunce-alkalicke","133":"pa_resistencia-r-butylalkohol","134":"pa_resistencia-r-chlorid-amonny-25","135":"pa_resistencia-r-chlorid-draselny","136":"pa_resistencia-r-chlorid-rtutnaty","137":"pa_resistencia-r-dichlorethan","138":"pa_resistencia-r-dioctylsebacat","139":"pa_resistencia-r-ethyl-oxalat","140":"pa_resistencia-r-fenylamin","141":"pa_resistencia-r-freon-12-chladivo","142":"pa_resistencia-r-ftalaty","143":"pa_resistencia-r-hexan","144":"pa_resistencia-r-hlinity-chlorid-25","145":"pa_resistencia-r-hydraulicky-olej","146":"pa_resistencia-r-isopropylalkohol-cs","147":"pa_resistencia-r-kerosin","148":"pa_resistencia-r-koncentrovany-dusicnan-vapenaty","149":"pa_resistencia-r-laky-na-bazi-rozpoustedel","150":"pa_resistencia-r-lithiove-sodikove-a-vapnikove-tuky","151":"pa_resistencia-r-metan","152":"pa_resistencia-r-methyl-ethylketon","153":"pa_resistencia-r-mocovina-ad-blue","154":"pa_resistencia-r-motorova-nafta-a-bionafta","155":"pa_resistencia-r-mydlova-roztok-vsechny-koncentrace","156":"pa_resistencia-r-olej-astm-1","157":"pa_resistencia-r-olej-astm-2","158":"pa_resistencia-r-olej-astm-3","159":"pa_resistencia-r-ozon","160":"pa_resistencia-r-rostlinne-oleje","161":"pa_resistencia-r-silikonove-tuky","162":"pa_resistencia-r-silikonovy-olej","163":"pa_resistencia-r-siran-draselny","164":"pa_resistencia-r-siran-mednaty-sol-sat","165":"pa_resistencia-r-siran-vapenaty","166":"pa_resistencia-r-terpentyn","167":"pa_resistencia-r-trisulfat-sodny","168":"pa_resistencia-r-vodik","169":"pa_resistencia-r-zelatina","170":"pa_resistencia-r-zivocisne-tuky","171":"pa_resistente-a-la-abrasion-odolny-proti-oderu","172":"pa_resistente-lr-50-ethylalkohol","173":"pa_resistente-lr-benzin","174":"pa_resistente-lr-butylamin","175":"pa_resistente-lr-chlorid-sodny-25","176":"pa_resistente-lr-chlorid-vapenaty","177":"pa_resistente-lr-cyklohexan","178":"pa_resistente-lr-diethylenglykol","179":"pa_resistente-lr-ethan","180":"pa_resistente-lr-formaldehyd-20","181":"pa_resistente-lr-formaldehyd-30","182":"pa_resistente-lr-glykoly","183":"pa_resistente-lr-hydroxid-sodny-soda-10","184":"pa_resistente-lr-isobutylalkohol","185":"pa_resistente-lr-isopropylalkohol","186":"pa_resistente-lr-kyselina-borita-10","187":"pa_resistente-lr-kyselina-chlorovodikova-10","188":"pa_resistente-lr-kyselina-dusicna-5","189":"pa_resistente-lr-mazaci-oleje-ropa","190":"pa_resistente-lr-nafta-cs","191":"pa_resistente-lr-permanganates-potassique-10","192":"pa_resistente-lr-ropa","193":"pa_resistente-lr-sira","194":"pa_resistente-lr-topny-olej","195":"pa_resistente-lr-vodikovy-peroxid-30-obj","196":"pa_resistente-lr-white-spirit-cs","197":"pa_resistente-lr-zemni-plyn","198":"pa_resistente-nr-alcohol-etilico-96-cs","199":"pa_resistente-nr-acetaldehido-cs","200":"pa_resistente-nr-anhidrido-acetico-cs","201":"pa_resistente-nr-bromuro-de-alquilo-cs","202":"pa_resistente-nr-aldehidos-cs","203":"pa_resistente-nr-acetatos-de-alquilo-cs","204":"pa_resistente-nr-benzaldehido-cs","205":"pa_resistente-nr-bromo-cs","206":"pa_resistente-nr-cloro-100-gas-seco-cs","207":"pa_resistente-nr-tetracloruro-de-carbono2-cs","208":"pa_resistente-nr-cicloalcanos-cs","209":"pa_resistente-nr-cicloalcoholes-cs","210":"pa_resistente-nr-ciclohexanona-cs","211":"pa_resistente-nr-ciclocetonas-cs","212":"pa_resistente-nr-dimetil-formamida-cs","213":"pa_resistente-nr-sebacato-de-dioctilo-cs","214":"pa_resistente-nr-acido-nitrico-70-cs","215":"pa_resistente-nr-nitrito-sodico-cs","216":"pa_resistente-nr-acido-ftalico-cs","217":"pa_resistente-nr-hidracina-cs","218":"pa_resistente-nr-cetonas-cs","219":"pa_resistente-nr-acido-acetico-conc-cs","220":"pa_resistente-nr-cresol-cs","221":"pa_resistente-nr-acido-nitrico-95-cs","222":"pa_resistente-nr-acido-fluorhidrico-40-cs","223":"pa_resistente-nr-acido-fluorhidrico-60-cs","224":"pa_resistente-nr-acido-formico-25-cs","225":"pa_resistente-nr-acido-formico-85-cs","226":"pa_resistente-nr-acido-formico-conc-cs","227":"pa_resistente-nr-acido-oleico-cs","228":"pa_resistente-nr-acido-sulfurico-conc-fuming-cs","229":"pa_resistente-nr-alcohol-etilico-max-conc-cs","230":"pa_resistente-nr-urea-30-cs","231":"pa_resistente-nr-acido-peracetico-cs","232":"pa_resistente-nr-silicona-cs","233":"pa_resistente-nr-acido-sulfurico-70-cs","234":"pa_resistente-nr-acido-sulfurico-80-cs","235":"pa_resistente-nr-acido-sulfurico-96-cs","236":"pa_resistente-nr-acido-sulfurico-98-cs","237":"pa_resistente-nr-30-kyselina-octova","238":"pa_resistente-nr-bisulfat-sodny","239":"pa_resistente-nr-bisulfat-vapenaty","240":"pa_resistente-nr-chlorid-sodny-14-cl2","241":"pa_resistente-nr-chlorid-sodny-15-cl2","242":"pa_resistente-nr-cyklohexanol","243":"pa_resistente-nr-diethylamin","244":"pa_resistente-nr-dietyleter","245":"pa_resistente-nr-kyselina-dusicna-10","246":"pa_resistente-nr-kwas-azotowy-20-cs","247":"pa_resistente-nr-kwas-azotowy-30-cs","248":"pa_resistente-nr-dusicna-kyselina-50","249":"pa_resistente-nr-epoxidova-pryskyrice","250":"pa_resistente-nr-ethyl-ether","251":"pa_resistente-nr-fenol-cs","252":"pa_resistente-nr-formaldehyd-37","253":"pa_resistente-nr-formaldehyd-40-cs","254":"pa_resistente-nr-freon-11-chladivo","255":"pa_resistente-nr-freon-22-chladivo","256":"pa_resistente-nr-hlinity-sulfat","257":"pa_resistente-nr-hydrochinon","258":"pa_resistente-nr-hydroxid-sodny-soda-20","259":"pa_resistente-nr-hydroxid-sodny-soda-50","260":"pa_resistente-nr-koncentrovana-kyselina-chlorovodikova","261":"pa_resistente-nr-koncentrovany-hydroxid-sodny-louh","262":"pa_resistente-nr-kyselina-bromovodikova-roztok-50","263":"pa_resistente-nr-kyselina-chlorovodikova-20","264":"pa_resistente-nr-kyselina-chlorovodikova-22","265":"pa_resistente-nr-kyselina-fluorovodikova-20","266":"pa_resistente-nr-kyselina-fluorovodikova-30","267":"pa_resistente-nr-kyselina-mravenci-10","268":"pa_resistente-nr-kyselina-mravenci-20","269":"pa_resistente-nr-kyselina-octova-50","270":"pa_resistente-nr-kyselina-stavelova","271":"pa_resistente-nr-methylalkohol-6","272":"pa_resistente-nr-methylchlorid","273":"pa_resistente-nr-methylenchlorid","274":"pa_resistente-nr-ocetova-kyselina-80","275":"pa_resistente-nr-oleum-cs","276":"pa_resistente-nr-pentan","277":"pa_resistente-nr-perchloroethylen","278":"pa_resistente-nr-rozpustny-siran-amonny","279":"pa_resistente-nr-sira-20","280":"pa_resistente-nr-sira-25","281":"pa_resistente-nr-sira-50","282":"pa_resistente-nr-tanin","283":"pa_resistente-nr-tekuta-mydla","284":"pa_resistente-nr-tetrahydrofuran","285":"pa_resistente-nr-toluen","286":"pa_resistente-nr-triethanolamin","287":"pa_resistente-nr-vlhky-chlor","288":"pa_resistente-nr-xylen","289":"pa_resistente-nr-zivocisny-olej","290":"pa_resistente-sr-whisky-cs","291":"pa_resistente-sr-mineralni-olej","292":"pa_resistente-sr-olej-semena","293":"pa_resistente-sr-vina","294":"pa_superficie-exterior-drsny","295":"pa_superficie-interior-hladky","296":"pa_temperatura-maxima-oc-80c-cs","297":"pa_temperatura-minima-oc-20c-cs","298":"pa_vacio-m-h2o-3-0-cs","300":"first","301":"instock","302":"shipping-taxable","303":"product-type-variable"},"_links":{"self":[{"href":"https:\/\/www.espiroflex.com\/cs\/wp-json\/wp\/v2\/product\/23749","targetHints":{"allow":["GET"]}}],"collection":[{"href":"https:\/\/www.espiroflex.com\/cs\/wp-json\/wp\/v2\/product"}],"about":[{"href":"https:\/\/www.espiroflex.com\/cs\/wp-json\/wp\/v2\/types\/product"}],"wp:featuredmedia":[{"embeddable":true,"href":"https:\/\/www.espiroflex.com\/cs\/wp-json\/wp\/v2\/media\/5717"}],"wp:attachment":[{"href":"https:\/\/www.espiroflex.com\/cs\/wp-json\/wp\/v2\/media?parent=23749"}],"wp:term":[{"taxonomy":"product_brand","embeddable":true,"href":"https:\/\/www.espiroflex.com\/cs\/wp-json\/wp\/v2\/product_brand?post=23749"},{"taxonomy":"product_cat","embeddable":true,"href":"https:\/\/www.espiroflex.com\/cs\/wp-json\/wp\/v2\/product_cat?post=23749"},{"taxonomy":"product_tag","embeddable":true,"href":"https:\/\/www.espiroflex.com\/cs\/wp-json\/wp\/v2\/product_tag?post=23749"}],"curies":[{"name":"wp","href":"https:\/\/api.w.org\/{rel}","templated":true}]}}