{"id":23698,"date":"2025-07-22T19:17:20","date_gmt":"2025-11-19T13:30:45","guid":{"rendered":"https:\/\/www.espiroflex.com\/scarico-flessibile-per-wc\/"},"modified":"2025-11-25T11:25:04","modified_gmt":"2025-11-25T10:25:04","slug":"scarico-flessibile-per-wc","status":"publish","type":"product","link":"https:\/\/www.espiroflex.com\/cs\/produkt\/scarico-flessibile-per-wc\/","title":{"rendered":"FLEXIBILN\u00cd ODTOK PRO Z\u00c1CHODOVOU M\u00cdSTNOST"},"content":{"rendered":"<p>Trubka vyroben\u00e1 z ohebn\u00e9ho PVC se spir\u00e1lou z tvrd\u00e9ho PVC pro odtoky z toalety. Ur\u010dena pro sanit\u00e1rn\u00ed pou\u017eit\u00ed. Velmi flexibiln\u00ed (polom\u011br ohybu = vnit\u0159n\u00ed pr\u016fm\u011br) a lehk\u00e1. Konektor z tvrd\u00e9ho PVC s gumou pro p\u0159ipojen\u00ed k toalet\u011b a na druh\u00e9m konci v\u00edcepr\u016fm\u011brov\u00fd konektor pro lepen\u00ed lepidlem. P\u0159izp\u016fsobiteln\u00e1 k pevn\u00fdm PVC trubk\u00e1m. Lze lepit PVC lepidlem nebo silikonem. Mo\u017enost rozta\u017een\u00ed.<\/p>\n","protected":false},"excerpt":{"rendered":"<p>Trubka vyroben\u00e1 z ohebn\u00e9ho PVC se spir\u00e1lou z tvrd\u00e9ho PVC pro odtoky z toalety. Ur\u010dena pro sanit\u00e1rn\u00ed pou\u017eit\u00ed. Velmi flexibiln\u00ed (polom\u011br ohybu = vnit\u0159n\u00ed pr\u016fm\u011br) a lehk\u00e1. Konektor z tvrd\u00e9ho PVC s gumou pro p\u0159ipojen\u00ed k toalet\u011b a na druh\u00e9m konci v\u00edcepr\u016fm\u011brov\u00fd konektor pro lepen\u00ed lepidlem. P\u0159izp\u016fsobiteln\u00e1 k pevn\u00fdm PVC trubk\u00e1m. Lze lepit PVC lepidlem nebo silikonem. Mo\u017enost rozta\u017een\u00ed.<\/p>\n","protected":false},"featured_media":21017,"template":"","meta":[],"product_brand":[998],"product_cat":[414,395,397,4917,413,411,412,4923],"product_tag":[],"class_list":{"0":"post-23698","1":"product","2":"type-product","3":"status-publish","4":"has-post-thumbnail","6":"product_brand-manguito-desague","7":"product_cat-prumyslove-pouziti","8":"product_cat-pvc-hadice","9":"product_cat-pvc-domaci-pouziti","10":"product_cat-sanace","11":"product_cat-sanitarni","12":"product_cat-stavebnictvi","13":"product_cat-zahrady","14":"product_cat-zelezarstvi","15":"pa_aplicaciones-prumyslove","16":"pa_aplicaciones-budowa","17":"pa_aplicaciones-krajowy","18":"pa_color-bily","19":"pa_construccion-manguera-pp-spiralova-paska","20":"pa_material-flexible-flexibilni-pvc","21":"pa_material-manguera-pvc-cs","22":"pa_opacidad-nepruhledny","23":"pa_presion-rotura-bar-3-0-cs-2","24":"pa_refuerzo-pvc-rigido-cs","25":"pa_resistencia-r-10-ethylalkohol","26":"pa_resistencia-r-40-ethylalkohol","27":"pa_resistencia-r-acetat-vapenaty","28":"pa_resistencia-r-kyselina-stavelova","29":"pa_resistencia-r-acido-sulfurico-25-cs","30":"pa_resistencia-r-sulfuro-de-amonio-cs","31":"pa_resistencia-r-nitrato-de-amonio-sol-sat-cs","32":"pa_resistencia-r-amylalkohol","33":"pa_resistencia-r-tricloruro-de-antimonio-cs","34":"pa_resistencia-r-bisulfato-sodico-cs","35":"pa_resistencia-r-bisulfato-calcico-cs","36":"pa_resistencia-r-bisulfatos-y-bisulfatos-met-cs","37":"pa_resistencia-r-borax-5-cs","38":"pa_resistencia-r-borax-conc-cs","39":"pa_resistencia-r-hipoclorito-de-sodio-14-cl2-cs","40":"pa_resistencia-r-hipoclorito-de-sodio-15-cl2-cs","41":"pa_resistencia-r-cloruro-de-sodio-20-cs","42":"pa_resistencia-r-cloruro-de-sodio-25-cs","43":"pa_resistencia-r-hipoclorito-de-calcio-cs","44":"pa_resistencia-r-cloruro-de-calcio-20-cs","45":"pa_resistencia-r-cloruro-de-calcio-25-cs","46":"pa_resistencia-r-cloruro-de-calcio-sol-sat-cs","47":"pa_resistencia-r-cloruro-ferrico-cs","48":"pa_resistencia-r-cloruro-de-zinc-20-cs","49":"pa_resistencia-r-dextrina-cs","50":"pa_resistencia-r-dextrosa-cs","51":"pa_resistencia-r-dicromato-de-potasio-40-cs","52":"pa_resistencia-r-dicromato-de-potasio-todas-conc-cs","53":"pa_resistencia-r-dodecanol-cs","54":"pa_resistencia-r-nitrato-sodico-cs","55":"pa_resistencia-r-potasio-cs","56":"pa_resistencia-r-nitrato-de-amonio-25-cs","57":"pa_resistencia-r-emulsionantes-cs","58":"pa_resistencia-r-ethylalkohol-35","59":"pa_resistencia-r-glicol-de-etileno-cs","60":"pa_resistencia-r-formaldehido-30-cs","61":"pa_resistencia-r-formaldehido-37-cs","62":"pa_resistencia-r-fructosa-cs","63":"pa_resistencia-r-glicerina-cs","64":"pa_resistencia-r-glicerol-cs","65":"pa_resistencia-r-acetato-de-aluminio-cs","66":"pa_resistencia-r-silicatos-aluminicos-cs","67":"pa_resistencia-r-hidroquinona-cs","68":"pa_resistencia-r-hidroxido-de-amonio-10-cs","69":"pa_resistencia-r-hidroxido-de-amonio-25-cs","70":"pa_resistencia-r-hidroxido-de-amonio-28-cs","71":"pa_resistencia-r-hidroxido-de-amonio-5-cs","72":"pa_resistencia-r-hidroxido-de-potasio-10-cs","73":"pa_resistencia-r-hidroxido-de-potasio-5-cs","74":"pa_resistencia-r-hidroxido-de-potasio-50-cs","75":"pa_resistencia-r-hidroxido-de-potasio-conc-cs","76":"pa_resistencia-r-hidroxido-de-aluminio-cs","77":"pa_resistencia-r-hidroxido-de-sodio-sosa-10-cs","78":"pa_resistencia-r-hidroxido-de-sodio-sosa-20-cs","79":"pa_resistencia-r-hidroxido-de-sodio-sosa-5-cs","80":"pa_resistencia-r-hidroxido-de-calcio-cs","81":"pa_resistencia-r-isobutylalkohol","82":"pa_resistencia-r-isopropylalkohol","83":"pa_resistencia-r-sidra-cs","84":"pa_resistencia-r-silicatos-potasicos-cs","85":"pa_resistencia-r-alumbre-cs","86":"pa_resistencia-r-caseina-cs","87":"pa_resistencia-r-acido-borico-conc-cs","88":"pa_resistencia-r-acido-clorhidrico-conc-cs","89":"pa_resistencia-r-acido-carbonico-conc-cs","90":"pa_resistencia-r-detergentes-concentrados-cs","91":"pa_resistencia-r-cloruro-de-sodio-conc-cs","92":"pa_resistencia-r-cloruro-de-zinc-conc-cs","93":"pa_resistencia-r-acido-clorhidrico-10-cs","94":"pa_resistencia-r-acido-clorhidrico-20-cs","95":"pa_resistencia-r-acido-clorhidrico-22-cs","96":"pa_resistencia-r-acido-clorhidrico-5-cs","97":"pa_resistencia-r-acido-sulfurico-20-cs","98":"pa_resistencia-r-acido-sulfurico-5-cs","99":"pa_resistencia-r-acido-adipico-cs","100":"pa_resistencia-r-acido-borico-10-cs","101":"pa_resistencia-r-acido-borico-5-cs","102":"pa_resistencia-r-acido-bromhidrico-sol-acu-30-cs","103":"pa_resistencia-r-acido-bromhidrico-sol-acu-50-cs","104":"pa_resistencia-r-acido-cromico-5-cs","105":"pa_resistencia-r-acido-citrico-5-cs","106":"pa_resistencia-r-acido-nitrico-10-cs","107":"pa_resistencia-r-acido-nitrico-20-cs","108":"pa_resistencia-r-acido-nitrico-30-cs","109":"pa_resistencia-r-acido-nitrico-5-cs","110":"pa_resistencia-r-acido-nitrico-50-cs","111":"pa_resistencia-r-acido-fluorhidrico-4-cs","112":"pa_resistencia-r-acido-fosforico-20-cs","113":"pa_resistencia-r-acido-fosforico-30-cs","114":"pa_resistencia-r-acido-fosforico-5-cs","115":"pa_resistencia-r-acido-hiplocoroso-20-cs","116":"pa_resistencia-r-acido-hiplocoroso-sol-acu-conc-cs","117":"pa_resistencia-r-acido-lactico-sol-acu-10-cs","118":"pa_resistencia-r-acido-lactico-sol-acu-3-cs","119":"pa_resistencia-r-acido-acetico-10-cs","120":"pa_resistencia-r-acido-acetico-3-cs","121":"pa_resistencia-r-acido-acetico-5-cs","122":"pa_resistencia-r-acido-estearico-cs","123":"pa_resistencia-r-acido-carbonico-5-cs","124":"pa_resistencia-r-oxigeno-cs","125":"pa_resistencia-r-lanolina-cs","126":"pa_resistencia-r-manganato-potasico-cs","127":"pa_resistencia-r-acido-butirico-20-cs","128":"pa_resistencia-r-acidos-grasos-c6-cs","129":"pa_resistencia-r-methylalkohol-5","130":"pa_resistencia-r-methylalkohol-6","131":"pa_resistencia-r-morska-voda","132":"pa_resistencia-r-nitrogeno-cs","133":"pa_resistencia-r-vinagre-cs","134":"pa_resistencia-r-anhidrido-carbonico-cs","135":"pa_resistencia-r-dioxido-de-carbono-cs","136":"pa_resistencia-r-oxidos-sulfurosos-cs","137":"pa_resistencia-r-parafina-cs","138":"pa_resistencia-r-perborato-sodico-cs","139":"pa_resistencia-r-permanganatos-potasico-10-cs","140":"pa_resistencia-r-persulfato-de-amonio-cs","141":"pa_resistencia-r-cerveza-cs","142":"pa_resistencia-r-plomotetraetilo-cs","143":"pa_resistencia-r-sulfuro-de-hidrogeno-gaseoso-cs","144":"pa_resistencia-r-hipoclorito-de-sodio-sol-sat-cs","145":"pa_resistencia-r-anhidrido-sulfuroso-cs","146":"pa_resistencia-r-azufre-cs","147":"pa_resistencia-r-sulfuro-de-bario-cs","148":"pa_resistencia-r-cianuro-de-sodio-cs","149":"pa_resistencia-r-silicatos-sodicos-cs","150":"pa_resistencia-r-sodny-acetat","151":"pa_resistencia-r-tanino-cs","152":"pa_resistencia-r-jabones-liquidos-cs","153":"pa_resistencia-r-carbonato-de-amonio-cs","154":"pa_resistencia-r-carbonato-magnesico-cs","155":"pa_resistencia-r-carbonato-de-sodio-cs","156":"pa_resistencia-r-carbonato-calcico-cs","157":"pa_resistencia-r-vinos-cs","158":"pa_resistencia-r-voda","159":"pa_resistencia-r-peroxido-de-hidrogeno-30-vol-cs","160":"pa_resistencia-r-vzduch","161":"pa_resistencia-r-sulfuro-ferrico-cs","162":"pa_resistente-lr-acido-acetico-50-cs","163":"pa_resistente-lr-acido-formico-20-cs","164":"pa_resistente-lr-butylalkohol","165":"pa_resistente-lr-acido-cromico-10-cs","166":"pa_resistente-lr-formaldehido-40-cs","167":"pa_resistente-lr-acido-benzoico-cs","168":"pa_resistente-lr-acido-fluorhidrico-20-cs","169":"pa_resistente-lr-acido-fluorhidrico-30-cs","170":"pa_resistente-lr-acido-formico-10-cs","171":"pa_resistente-lr-acido-acetico-30-cs","172":"pa_resistente-lr-acido-acetico-80-cs","173":"pa_resistente-lr-olej-astm-1","174":"pa_resistente-lr-olej-astm-2","175":"pa_resistente-lr-olej-semena","176":"pa_resistente-lr-ozono-cs","177":"pa_resistente-lr-acido-sulfurico-50-cs","178":"pa_resistente-lr-gas-licuado-de-petroleo-glp-cs","179":"pa_resistente-nr-alcohol-etilico-96-cs","180":"pa_resistente-nr-acetaldehido-cs","181":"pa_resistente-nr-anhidrido-acetico-cs","182":"pa_resistente-nr-acetona-cs","183":"pa_resistente-nr-acetonitrilo-cs","184":"pa_resistente-nr-acido-cloroacetico-cs","185":"pa_resistente-nr-acido-clorosulfonico-conc-cs","186":"pa_resistente-nr-bromuro-de-alquilo-cs","187":"pa_resistente-nr-aldehidos-cs","188":"pa_resistente-nr-esteres-alifaticos-cs","189":"pa_resistente-nr-acetatos-de-alquilo-cs","190":"pa_resistente-nr-alcohol-alilico-2-propenol-1-cs","191":"pa_resistente-nr-amoniaco-gas-cs","192":"pa_resistente-nr-acetato-de-amilo-cs","193":"pa_resistente-nr-hidrocarburos-aromaticos-cs","194":"pa_resistente-nr-benzaldehido-cs","195":"pa_resistente-nr-benceno-cs","196":"pa_resistente-nr-alcohol-bencilico-cs","197":"pa_resistente-nr-bromo-cs","198":"pa_resistente-nr-butanodiol-100-cs","199":"pa_resistente-nr-cloro-100-gas-seco-cs","200":"pa_resistente-nr-cloruro-de-mercurio-cs","201":"pa_resistente-nr-cloroformo-cs","202":"pa_resistente-nr-cloroparafinas-c14-c17-cs","203":"pa_resistente-nr-disolventes-clorados-cs","204":"pa_resistente-nr-tetracloruro-de-carbono2-cs","205":"pa_resistente-nr-cicloalcanos-cs","206":"pa_resistente-nr-cicloalcoholes-cs","207":"pa_resistente-nr-ciclohexano-cs","208":"pa_resistente-nr-ciclohexanona-cs","209":"pa_resistente-nr-ciclocetonas-cs","210":"pa_resistente-nr-dietilcetona-cs","211":"pa_resistente-nr-dimetil-formamida-cs","212":"pa_resistente-nr-sebacato-de-dioctilo-cs","213":"pa_resistente-nr-dioxano-cs","214":"pa_resistente-nr-acido-nitrico-70-cs","215":"pa_resistente-nr-nitrito-sodico-cs","216":"pa_resistente-nr-acetato-de-etilo-cs","217":"pa_resistente-nr-acrilato-de-etilo-cs","218":"pa_resistente-nr-bromuro-de-etileno-cs","219":"pa_resistente-nr-fluoruro-cs","220":"pa_resistente-nr-acido-ftalico-cs","221":"pa_resistente-nr-hexano-cs","222":"pa_resistente-nr-hidracina-cs","223":"pa_resistente-nr-queroseno-cs","224":"pa_resistente-nr-cetonas-cs","225":"pa_resistente-nr-acido-acetico-conc-cs","226":"pa_resistente-nr-cresol-cs","227":"pa_resistente-nr-acido-nitrico-95-cs","228":"pa_resistente-nr-acido-fluorhidrico-40-cs","229":"pa_resistente-nr-acido-fluorhidrico-60-cs","230":"pa_resistente-nr-acido-formico-25-cs","231":"pa_resistente-nr-acido-formico-85-cs","232":"pa_resistente-nr-acido-formico-conc-cs","233":"pa_resistente-nr-acido-oleico-cs","234":"pa_resistente-nr-acido-sulfurico-conc-fuming-cs","235":"pa_resistente-nr-alcohol-etilico-max-conc-cs","236":"pa_resistente-nr-aceites-lubricantes-petroleo-cs","237":"pa_resistente-nr-aceite-mineral-cs","238":"pa_resistente-nr-urea-ad-blue-cs","239":"pa_resistente-nr-urea-30-cs","240":"pa_resistente-nr-gasoleo-y-biodiesel-cs","241":"pa_resistente-nr-aceite-astm-3-cs","242":"pa_resistente-nr-acido-peracetico-cs","243":"pa_resistente-nr-silicona-cs","244":"pa_resistente-nr-acido-sulfurico-70-cs","245":"pa_resistente-nr-acido-sulfurico-80-cs","246":"pa_resistente-nr-acido-sulfurico-96-cs","247":"pa_resistente-nr-acido-sulfurico-98-cs","248":"pa_resistente-nr-fuel-oil-cs","249":"pa_resistente-nr-trimelitato-de-trioctilo-totm-cs","250":"pa_resistente-nr-white-spirit-cs","251":"pa_resistente-sr-50-ethylalkohol","252":"pa_resistente-sr-ftalaty","253":"pa_resistente-sr-whisky-cs","254":"pa_superficie-exterior-vlnity","255":"pa_superficie-interior-vlnity","256":"pa_temperatura-maxima-oc-60c-cs","257":"pa_temperatura-minima-oc-10c-cs","258":"pa_vacio-m-h2o-9-0-cs","260":"first","261":"outofstock","262":"shipping-taxable","263":"product-type-variable"},"_links":{"self":[{"href":"https:\/\/www.espiroflex.com\/cs\/wp-json\/wp\/v2\/product\/23698","targetHints":{"allow":["GET"]}}],"collection":[{"href":"https:\/\/www.espiroflex.com\/cs\/wp-json\/wp\/v2\/product"}],"about":[{"href":"https:\/\/www.espiroflex.com\/cs\/wp-json\/wp\/v2\/types\/product"}],"wp:featuredmedia":[{"embeddable":true,"href":"https:\/\/www.espiroflex.com\/cs\/wp-json\/wp\/v2\/media\/21017"}],"wp:attachment":[{"href":"https:\/\/www.espiroflex.com\/cs\/wp-json\/wp\/v2\/media?parent=23698"}],"wp:term":[{"taxonomy":"product_brand","embeddable":true,"href":"https:\/\/www.espiroflex.com\/cs\/wp-json\/wp\/v2\/product_brand?post=23698"},{"taxonomy":"product_cat","embeddable":true,"href":"https:\/\/www.espiroflex.com\/cs\/wp-json\/wp\/v2\/product_cat?post=23698"},{"taxonomy":"product_tag","embeddable":true,"href":"https:\/\/www.espiroflex.com\/cs\/wp-json\/wp\/v2\/product_tag?post=23698"}],"curies":[{"name":"wp","href":"https:\/\/api.w.org\/{rel}","templated":true}]}}